{"id":655,"date":"2025-07-16T17:05:58","date_gmt":"2025-07-16T15:05:58","guid":{"rendered":"https:\/\/jadedemeyer.be\/?page_id=655"},"modified":"2025-07-16T17:06:56","modified_gmt":"2025-07-16T15:06:56","slug":"about","status":"publish","type":"page","link":"https:\/\/jadedemeyer.be\/fr\/about\/","title":{"rendered":"A propos"},"content":{"rendered":"\n<div class=\"wp-block-group is-layout-constrained wp-container-core-group-is-layout-c9115f92 wp-block-group-is-layout-constrained\" style=\"padding-right:var(--wp--preset--spacing--20);padding-left:var(--wp--preset--spacing--20)\">\n<div class=\"wp-block-columns is-layout-flex wp-container-core-columns-is-layout-e0e4babd wp-block-columns-is-layout-flex\" style=\"padding-right:0;padding-left:0\">\n<div class=\"wp-block-column is-layout-flow wp-container-core-column-is-layout-0fe4df0b wp-block-column-is-layout-flow\" style=\"padding-top:var(--wp--preset--spacing--50);padding-bottom:var(--wp--preset--spacing--50)\">\n<p class=\"ek-justify-start has-tablet-text-align-justify has-mobile-text-align-justify has-small-font-size\" style=\"font-style:normal;font-weight:100\">Je m&rsquo;appelle <strong>Jade De Meyer<\/strong>, je suis une jeune artiste belge bas\u00e9e \u00e0 Bruxelles. J&rsquo;utilise le <strong>stylo \u00e0 pointe fine<\/strong> comme outil pour r\u00e9aliser des dessins complexes et d\u00e9taill\u00e9s enti\u00e8rement \u00e0 la main.<\/p>\n\n\n\n<p class=\"has-small-font-size\" style=\"font-style:normal;font-weight:100\">Titulaire d\u2019un master en architecture et apr\u00e8s avoir travaill\u00e9 plusieurs ann\u00e9es dans ce domaine, j\u2019ai d\u00e9cid\u00e9 de m\u2019en retirer afin de me consacrer pleinement \u00e0 l\u2019art. Cependant, mon amour pour les b\u00e2timents historiques et les villes reste une <strong>source d\u2019inspiration essentielle<\/strong> dans mon travail.<\/p>\n\n\n\n<p class=\"has-small-font-size\" style=\"font-style:normal;font-weight:100\">Je cr\u00e9e des <strong>compositions imaginaires et surr\u00e9alistes de grand format<\/strong>, nourries de r\u00e9f\u00e9rences \u00e0 l\u2019architecture, \u00e0 l\u2019urbanisme, aux voyages, \u00e0 la nature, au design, \u00e0 la mode,\u2026 Chaque dessin raconte une histoire, riche en <strong>d\u00e9tails et anecdotes historiques<\/strong> qui deviennent des \u00e9l\u00e9ments cl\u00e9s de la narration. Mon intention est d\u2019inviter le spectateur \u00e0 p\u00e9n\u00e9trer dans un <strong>espace onirique et myst\u00e9rieux<\/strong>.<\/p>\n\n\n\n<p class=\"has-small-font-size\" style=\"font-style:normal;font-weight:100\">Chaque \u0153uvre exige <strong>temps, pr\u00e9cision et minutie<\/strong> pour sa r\u00e9alisation \u2014 et tout autant de temps pour \u00eatre pleinement appr\u00e9ci\u00e9e.<\/p>\n\n\n\n<p class=\"ek-justify-start has-tablet-text-align-justify has-mobile-text-align-justify has-small-font-size\" style=\"font-style:normal;font-weight:100\">Actuellement, je travaille sur une <strong>s\u00e9rie de pi\u00e8ces c\u00e9l\u00e9brant Bruxelles et son patrimoine architectural<\/strong>.<\/p>\n<\/div>\n<\/div>\n\n\n\n<div class=\"wp-block-columns is-layout-flex wp-container-core-columns-is-layout-e0e4babd wp-block-columns-is-layout-flex\" style=\"padding-right:0;padding-left:0\">\n<div class=\"wp-block-column is-layout-flow wp-container-core-column-is-layout-0fe4df0b wp-block-column-is-layout-flow\" style=\"padding-top:var(--wp--preset--spacing--50);padding-bottom:var(--wp--preset--spacing--50)\">\n<figure class=\"wp-block-image size-large\"><img loading=\"lazy\" decoding=\"async\" width=\"768\" height=\"1024\" src=\"https:\/\/jadedemeyer.be\/wp-content\/uploads\/2024\/09\/6-768x1024.jpg\" alt=\"\" class=\"wp-image-436\" srcset=\"https:\/\/jadedemeyer.be\/wp-content\/uploads\/2024\/09\/6-768x1024.jpg 768w, https:\/\/jadedemeyer.be\/wp-content\/uploads\/2024\/09\/6-225x300.jpg 225w, https:\/\/jadedemeyer.be\/wp-content\/uploads\/2024\/09\/6-1152x1536.jpg 1152w, https:\/\/jadedemeyer.be\/wp-content\/uploads\/2024\/09\/6-1536x2048.jpg 1536w, https:\/\/jadedemeyer.be\/wp-content\/uploads\/2024\/09\/6-scaled.jpg 1920w\" sizes=\"auto, (max-width: 768px) 100vw, 768px\" \/><\/figure>\n<\/div>\n<\/div>\n<\/div>\n","protected":false},"excerpt":{"rendered":"<p>Je m&rsquo;appelle Jade De Meyer, je suis une jeune artiste belge bas\u00e9e \u00e0 Bruxelles. J&rsquo;utilise le stylo \u00e0 pointe fine comme outil pour r\u00e9aliser des dessins complexes et d\u00e9taill\u00e9s enti\u00e8rement \u00e0 la main. Titulaire d\u2019un master en architecture et apr\u00e8s avoir travaill\u00e9 plusieurs ann\u00e9es dans ce domaine, j\u2019ai d\u00e9cid\u00e9 de m\u2019en retirer afin de me [&hellip;]<\/p>\n","protected":false},"author":1,"featured_media":0,"parent":0,"menu_order":0,"comment_status":"closed","ping_status":"closed","template":"","meta":{"_locale":"fr_BE","_original_post":"https:\/\/jadedemeyer.be\/?page_id=133","footnotes":""},"class_list":["post-655","page","type-page","status-publish","hentry","fr-BE"],"jetpack_sharing_enabled":true,"_links":{"self":[{"href":"https:\/\/jadedemeyer.be\/wp-json\/wp\/v2\/pages\/655","targetHints":{"allow":["GET"]}}],"collection":[{"href":"https:\/\/jadedemeyer.be\/wp-json\/wp\/v2\/pages"}],"about":[{"href":"https:\/\/jadedemeyer.be\/wp-json\/wp\/v2\/types\/page"}],"author":[{"embeddable":true,"href":"https:\/\/jadedemeyer.be\/wp-json\/wp\/v2\/users\/1"}],"replies":[{"embeddable":true,"href":"https:\/\/jadedemeyer.be\/wp-json\/wp\/v2\/comments?post=655"}],"version-history":[{"count":3,"href":"https:\/\/jadedemeyer.be\/wp-json\/wp\/v2\/pages\/655\/revisions"}],"predecessor-version":[{"id":658,"href":"https:\/\/jadedemeyer.be\/wp-json\/wp\/v2\/pages\/655\/revisions\/658"}],"wp:attachment":[{"href":"https:\/\/jadedemeyer.be\/wp-json\/wp\/v2\/media?parent=655"}],"curies":[{"name":"wp","href":"https:\/\/api.w.org\/{rel}","templated":true}]}}