{"id":651,"date":"2025-07-16T16:55:09","date_gmt":"2025-07-16T14:55:09","guid":{"rendered":"https:\/\/jadedemeyer.be\/?page_id=651"},"modified":"2026-01-26T18:05:51","modified_gmt":"2026-01-26T17:05:51","slug":"valencia","status":"publish","type":"page","link":"https:\/\/jadedemeyer.be\/fr\/valencia\/","title":{"rendered":"Valencia: au fil du turia"},"content":{"rendered":"\n<div class=\"wp-block-columns is-layout-flex wp-container-core-columns-is-layout-a410b36c wp-block-columns-is-layout-flex\" style=\"margin-top:var(--wp--preset--spacing--60);margin-bottom:var(--wp--preset--spacing--60);padding-top:0;padding-right:var(--wp--preset--spacing--30);padding-bottom:0;padding-left:var(--wp--preset--spacing--30)\">\n<div class=\"wp-block-column is-layout-constrained wp-block-column-is-layout-constrained\" style=\"flex-basis:60%\">\n<figure class=\"wp-block-gallery has-nested-images columns-1 is-cropped wp-block-gallery-1 is-layout-flex wp-block-gallery-is-layout-flex\">\n<figure class=\"wp-block-image size-large\"><img loading=\"lazy\" decoding=\"async\" width=\"1024\" height=\"732\" data-id=\"541\" src=\"https:\/\/jadedemeyer.be\/wp-content\/uploads\/2024\/08\/valencia-corrige-1024x732.jpg\" alt=\"\" class=\"wp-image-541\" srcset=\"https:\/\/jadedemeyer.be\/wp-content\/uploads\/2024\/08\/valencia-corrige-1024x732.jpg 1024w, https:\/\/jadedemeyer.be\/wp-content\/uploads\/2024\/08\/valencia-corrige-300x214.jpg 300w, https:\/\/jadedemeyer.be\/wp-content\/uploads\/2024\/08\/valencia-corrige-768x549.jpg 768w, https:\/\/jadedemeyer.be\/wp-content\/uploads\/2024\/08\/valencia-corrige.jpg 1240w\" sizes=\"auto, (max-width: 1024px) 100vw, 1024px\" \/><\/figure>\n\n\n\n<figure class=\"wp-block-image size-large\"><img loading=\"lazy\" decoding=\"async\" width=\"810\" height=\"1024\" data-id=\"244\" src=\"https:\/\/jadedemeyer.be\/wp-content\/uploads\/2024\/08\/valencia-zoom-1-810x1024.jpg\" alt=\"\" class=\"wp-image-244\" srcset=\"https:\/\/jadedemeyer.be\/wp-content\/uploads\/2024\/08\/valencia-zoom-1-810x1024.jpg 810w, https:\/\/jadedemeyer.be\/wp-content\/uploads\/2024\/08\/valencia-zoom-1-237x300.jpg 237w, https:\/\/jadedemeyer.be\/wp-content\/uploads\/2024\/08\/valencia-zoom-1-768x971.jpg 768w, https:\/\/jadedemeyer.be\/wp-content\/uploads\/2024\/08\/valencia-zoom-1.jpg 953w\" sizes=\"auto, (max-width: 810px) 100vw, 810px\" \/><\/figure>\n\n\n\n<figure class=\"wp-block-image size-large\"><img loading=\"lazy\" decoding=\"async\" width=\"820\" height=\"1024\" data-id=\"600\" src=\"https:\/\/jadedemeyer.be\/wp-content\/uploads\/2025\/06\/IMG_4804-820x1024.jpg\" alt=\"\" class=\"wp-image-600\" srcset=\"https:\/\/jadedemeyer.be\/wp-content\/uploads\/2025\/06\/IMG_4804-820x1024.jpg 820w, https:\/\/jadedemeyer.be\/wp-content\/uploads\/2025\/06\/IMG_4804-240x300.jpg 240w, https:\/\/jadedemeyer.be\/wp-content\/uploads\/2025\/06\/IMG_4804-768x959.jpg 768w, https:\/\/jadedemeyer.be\/wp-content\/uploads\/2025\/06\/IMG_4804-1230x1536.jpg 1230w, https:\/\/jadedemeyer.be\/wp-content\/uploads\/2025\/06\/IMG_4804-1639x2048.jpg 1639w\" sizes=\"auto, (max-width: 820px) 100vw, 820px\" \/><\/figure>\n<\/figure>\n<\/div>\n\n\n\n<div class=\"wp-block-column is-layout-constrained wp-container-core-column-is-layout-d3543a3b wp-block-column-is-layout-constrained\" style=\"flex-basis:40%\">\n<div class=\"wp-block-columns is-layout-flex wp-container-core-columns-is-layout-28f84493 wp-block-columns-is-layout-flex\">\n<div class=\"wp-block-column is-layout-flow wp-container-core-column-is-layout-f5bb311e wp-block-column-is-layout-flow\">\n<p class=\"has-mobile-text-align-justify has-small-font-size\" style=\"font-style:normal;font-weight:100\">Titre: \u201cValencia: <strong>Au Fil du Turia<\/strong>\u00ab\u00a0<\/p>\n\n\n\n<p class=\"has-small-font-size\" style=\"font-style:normal;font-weight:100\"><strong>Technique : Stylo \u00e0 pointe fine sur papier avec touches d\u2019aquarelle<\/strong><\/p>\n\n\n\n<p class=\"has-small-font-size\" style=\"font-style:normal;font-weight:100\"><strong>Dimensions de l\u2019\u0153uvre non encadr\u00e9e : 50&#215;70 cm<\/strong><\/p>\n\n\n\n<p class=\"has-small-font-size\" style=\"font-style:normal;font-weight:100\"><strong>Ann\u00e9e : 2023<\/strong><\/p>\n\n\n\n<p class=\"has-mobile-text-align-justify has-small-font-size\">\u0152uvre inspir\u00e9e d\u2019un court s\u00e9jour dans la ville de \u00ab Valencia \u00bb, situ\u00e9e \u00e0 l\u2019est de l\u2019Espagne. Le dessin suit le trac\u00e9 sinueux de l\u2019ancien fleuve Turia, aujourd\u2019hui ass\u00e9ch\u00e9 et r\u00e9invent\u00e9 en un immense jardin lin\u00e9aire qui structure la ville. De la partie sup\u00e9rieure gauche \u00e0 l\u2019angle inf\u00e9rieur droit de la composition, le parcours \u00e9voque les ponts enjambant les Jardins du Turia, ainsi que des lieux embl\u00e9matiques comme la fontaine de la Plaza de la Virgen, le march\u00e9 central couvert ou encore le jardin botanique. Le regard est ensuite guid\u00e9 jusqu\u2019\u00e0 la spectaculaire Cit\u00e9 des Arts et des Sciences, \u0153uvre de Santiago Calatrava, point d\u2019aboutissement de cette promenade graphique.<\/p>\n<\/div>\n<\/div>\n<\/div>\n<\/div>\n","protected":false},"excerpt":{"rendered":"<p>Titre: \u201cValencia: Au Fil du Turia\u00ab\u00a0 Technique : Stylo \u00e0 pointe fine sur papier avec touches d\u2019aquarelle Dimensions de l\u2019\u0153uvre non encadr\u00e9e : 50&#215;70 cm Ann\u00e9e : 2023 \u0152uvre inspir\u00e9e d\u2019un court s\u00e9jour dans la ville de \u00ab Valencia \u00bb, situ\u00e9e \u00e0 l\u2019est de l\u2019Espagne. Le dessin suit le trac\u00e9 sinueux de l\u2019ancien fleuve Turia, [&hellip;]<\/p>\n","protected":false},"author":1,"featured_media":0,"parent":0,"menu_order":0,"comment_status":"closed","ping_status":"closed","template":"","meta":{"_locale":"fr_BE","_original_post":"https:\/\/jadedemeyer.be\/?page_id=200","footnotes":""},"class_list":["post-651","page","type-page","status-publish","hentry","fr-BE"],"jetpack_sharing_enabled":true,"_links":{"self":[{"href":"https:\/\/jadedemeyer.be\/wp-json\/wp\/v2\/pages\/651","targetHints":{"allow":["GET"]}}],"collection":[{"href":"https:\/\/jadedemeyer.be\/wp-json\/wp\/v2\/pages"}],"about":[{"href":"https:\/\/jadedemeyer.be\/wp-json\/wp\/v2\/types\/page"}],"author":[{"embeddable":true,"href":"https:\/\/jadedemeyer.be\/wp-json\/wp\/v2\/users\/1"}],"replies":[{"embeddable":true,"href":"https:\/\/jadedemeyer.be\/wp-json\/wp\/v2\/comments?post=651"}],"version-history":[{"count":4,"href":"https:\/\/jadedemeyer.be\/wp-json\/wp\/v2\/pages\/651\/revisions"}],"predecessor-version":[{"id":776,"href":"https:\/\/jadedemeyer.be\/wp-json\/wp\/v2\/pages\/651\/revisions\/776"}],"wp:attachment":[{"href":"https:\/\/jadedemeyer.be\/wp-json\/wp\/v2\/media?parent=651"}],"curies":[{"name":"wp","href":"https:\/\/api.w.org\/{rel}","templated":true}]}}