{"id":646,"date":"2025-07-16T16:43:14","date_gmt":"2025-07-16T14:43:14","guid":{"rendered":"https:\/\/jadedemeyer.be\/?page_id=646"},"modified":"2025-07-16T16:46:53","modified_gmt":"2025-07-16T14:46:53","slug":"new-york","status":"publish","type":"page","link":"https:\/\/jadedemeyer.be\/fr\/new-york\/","title":{"rendered":"New York: Voyage d&rsquo;une vente aux ench\u00e8res souterraine aux hauteurs de dendour"},"content":{"rendered":"\n<div class=\"wp-block-columns is-layout-flex wp-container-core-columns-is-layout-a410b36c wp-block-columns-is-layout-flex\" style=\"margin-top:var(--wp--preset--spacing--60);margin-bottom:var(--wp--preset--spacing--60);padding-top:0;padding-right:var(--wp--preset--spacing--30);padding-bottom:0;padding-left:var(--wp--preset--spacing--30)\">\n<div class=\"wp-block-column is-layout-constrained wp-block-column-is-layout-constrained\" style=\"flex-basis:60%\">\n<figure class=\"wp-block-gallery has-nested-images columns-1 is-cropped wp-block-gallery-1 is-layout-flex wp-block-gallery-is-layout-flex\">\n<figure class=\"wp-block-image size-full\"><img loading=\"lazy\" decoding=\"async\" width=\"716\" height=\"939\" data-id=\"562\" src=\"https:\/\/jadedemeyer.be\/wp-content\/uploads\/2025\/06\/new-york-total-.jpg\" alt=\"\" class=\"wp-image-562\" srcset=\"https:\/\/jadedemeyer.be\/wp-content\/uploads\/2025\/06\/new-york-total-.jpg 716w, https:\/\/jadedemeyer.be\/wp-content\/uploads\/2025\/06\/new-york-total--229x300.jpg 229w\" sizes=\"auto, (max-width: 716px) 100vw, 716px\" \/><\/figure>\n\n\n\n<figure class=\"wp-block-image size-large\"><img loading=\"lazy\" decoding=\"async\" width=\"768\" height=\"1024\" data-id=\"370\" src=\"https:\/\/jadedemeyer.be\/wp-content\/uploads\/2024\/08\/new-york-2-corrige-af-blanc-768x1024.jpg\" alt=\"\" class=\"wp-image-370\" srcset=\"https:\/\/jadedemeyer.be\/wp-content\/uploads\/2024\/08\/new-york-2-corrige-af-blanc-768x1024.jpg 768w, https:\/\/jadedemeyer.be\/wp-content\/uploads\/2024\/08\/new-york-2-corrige-af-blanc-225x300.jpg 225w, https:\/\/jadedemeyer.be\/wp-content\/uploads\/2024\/08\/new-york-2-corrige-af-blanc-1152x1536.jpg 1152w, https:\/\/jadedemeyer.be\/wp-content\/uploads\/2024\/08\/new-york-2-corrige-af-blanc.jpg 1536w\" sizes=\"auto, (max-width: 768px) 100vw, 768px\" \/><\/figure>\n\n\n\n<figure class=\"wp-block-image size-large\"><img loading=\"lazy\" decoding=\"async\" width=\"820\" height=\"1024\" data-id=\"208\" src=\"https:\/\/jadedemeyer.be\/wp-content\/uploads\/2024\/08\/environment-ny-820x1024.jpg\" alt=\"\" class=\"wp-image-208\" srcset=\"https:\/\/jadedemeyer.be\/wp-content\/uploads\/2024\/08\/environment-ny-820x1024.jpg 820w, https:\/\/jadedemeyer.be\/wp-content\/uploads\/2024\/08\/environment-ny-240x300.jpg 240w, https:\/\/jadedemeyer.be\/wp-content\/uploads\/2024\/08\/environment-ny-768x959.jpg 768w, https:\/\/jadedemeyer.be\/wp-content\/uploads\/2024\/08\/environment-ny-1230x1536.jpg 1230w, https:\/\/jadedemeyer.be\/wp-content\/uploads\/2024\/08\/environment-ny-1639x2048.jpg 1639w\" sizes=\"auto, (max-width: 820px) 100vw, 820px\" \/><\/figure>\n<\/figure>\n<\/div>\n\n\n\n<div class=\"wp-block-column is-layout-constrained wp-container-core-column-is-layout-d3543a3b wp-block-column-is-layout-constrained\" style=\"flex-basis:40%\">\n<div class=\"wp-block-columns is-layout-flex wp-container-core-columns-is-layout-28f84493 wp-block-columns-is-layout-flex\">\n<div class=\"wp-block-column is-layout-flow wp-container-core-column-is-layout-f5bb311e wp-block-column-is-layout-flow\">\n<p class=\"has-mobile-text-align-justify has-small-font-size\" style=\"font-style:normal;font-weight:100\">Titre: \u201c<strong>New York : Voyage d\u2019une Vente aux Ench\u00e8res Souterraine aux Hauteurs de Dendour \u00bb<\/strong><\/p>\n\n\n\n<p class=\"has-small-font-size\" style=\"font-style:normal;font-weight:100\"><strong>Technique : Stylo \u00e0 pointe fine sur papier avec touches d\u2019aquarelle<\/strong><\/p>\n\n\n\n<p class=\"has-small-font-size\" style=\"font-style:normal;font-weight:100\"><strong>Dimensions de l\u2019\u0153uvre non encadr\u00e9e : +\/-75&#215;99 cm<\/strong><\/p>\n\n\n\n<p class=\"has-small-font-size\" style=\"font-style:normal;font-weight:100\"><strong>Ann\u00e9e : 2020<\/strong><\/p>\n\n\n\n<p class=\"has-mobile-text-align-justify has-small-font-size\">\u0152uvre command\u00e9e, inspir\u00e9e par l\u2019amour d\u2019un curateur d\u2019art pour la ville de New York. Une s\u00e9rie de b\u00e2timents locaux, de souvenirs et de sc\u00e8nes ch\u00e8res au commanditaire ont fa\u00e7onn\u00e9 la composition de ce dessin.<\/p>\n<\/div>\n<\/div>\n<\/div>\n<\/div>\n","protected":false},"excerpt":{"rendered":"<p>Titre: \u201cNew York : Voyage d\u2019une Vente aux Ench\u00e8res Souterraine aux Hauteurs de Dendour \u00bb Technique : Stylo \u00e0 pointe fine sur papier avec touches d\u2019aquarelle Dimensions de l\u2019\u0153uvre non encadr\u00e9e : +\/-75&#215;99 cm Ann\u00e9e : 2020 \u0152uvre command\u00e9e, inspir\u00e9e par l\u2019amour d\u2019un curateur d\u2019art pour la ville de New York. Une s\u00e9rie de b\u00e2timents [&hellip;]<\/p>\n","protected":false},"author":1,"featured_media":0,"parent":0,"menu_order":0,"comment_status":"closed","ping_status":"closed","template":"","meta":{"_locale":"fr_BE","_original_post":"https:\/\/jadedemeyer.be\/?page_id=190","footnotes":""},"class_list":["post-646","page","type-page","status-publish","hentry","fr-BE"],"jetpack_sharing_enabled":true,"_links":{"self":[{"href":"https:\/\/jadedemeyer.be\/wp-json\/wp\/v2\/pages\/646","targetHints":{"allow":["GET"]}}],"collection":[{"href":"https:\/\/jadedemeyer.be\/wp-json\/wp\/v2\/pages"}],"about":[{"href":"https:\/\/jadedemeyer.be\/wp-json\/wp\/v2\/types\/page"}],"author":[{"embeddable":true,"href":"https:\/\/jadedemeyer.be\/wp-json\/wp\/v2\/users\/1"}],"replies":[{"embeddable":true,"href":"https:\/\/jadedemeyer.be\/wp-json\/wp\/v2\/comments?post=646"}],"version-history":[{"count":2,"href":"https:\/\/jadedemeyer.be\/wp-json\/wp\/v2\/pages\/646\/revisions"}],"predecessor-version":[{"id":650,"href":"https:\/\/jadedemeyer.be\/wp-json\/wp\/v2\/pages\/646\/revisions\/650"}],"wp:attachment":[{"href":"https:\/\/jadedemeyer.be\/wp-json\/wp\/v2\/media?parent=646"}],"curies":[{"name":"wp","href":"https:\/\/api.w.org\/{rel}","templated":true}]}}