{"id":643,"date":"2025-07-16T16:32:13","date_gmt":"2025-07-16T14:32:13","guid":{"rendered":"https:\/\/jadedemeyer.be\/?page_id=643"},"modified":"2026-01-26T18:04:55","modified_gmt":"2026-01-26T17:04:55","slug":"nantes","status":"publish","type":"page","link":"https:\/\/jadedemeyer.be\/fr\/nantes\/","title":{"rendered":"Nantes: Racines du pass\u00e9, ailes du pr\u00e9sent"},"content":{"rendered":"\n<div class=\"wp-block-columns is-layout-flex wp-container-core-columns-is-layout-a410b36c wp-block-columns-is-layout-flex\" style=\"margin-top:var(--wp--preset--spacing--60);margin-bottom:var(--wp--preset--spacing--60);padding-top:0;padding-right:var(--wp--preset--spacing--30);padding-bottom:0;padding-left:var(--wp--preset--spacing--30)\">\n<div class=\"wp-block-column is-layout-constrained wp-block-column-is-layout-constrained\" style=\"flex-basis:60%\">\n<figure class=\"wp-block-gallery has-nested-images columns-1 is-cropped wp-block-gallery-1 is-layout-flex wp-block-gallery-is-layout-flex\">\n<figure class=\"wp-block-image size-large\"><img loading=\"lazy\" decoding=\"async\" width=\"819\" height=\"1024\" data-id=\"543\" src=\"https:\/\/jadedemeyer.be\/wp-content\/uploads\/2024\/08\/Nantes-corr-819x1024.jpg\" alt=\"\" class=\"wp-image-543\" srcset=\"https:\/\/jadedemeyer.be\/wp-content\/uploads\/2024\/08\/Nantes-corr-819x1024.jpg 819w, https:\/\/jadedemeyer.be\/wp-content\/uploads\/2024\/08\/Nantes-corr-240x300.jpg 240w, https:\/\/jadedemeyer.be\/wp-content\/uploads\/2024\/08\/Nantes-corr-768x960.jpg 768w, https:\/\/jadedemeyer.be\/wp-content\/uploads\/2024\/08\/Nantes-corr.jpg 1181w\" sizes=\"auto, (max-width: 819px) 100vw, 819px\" \/><\/figure>\n\n\n\n<figure class=\"wp-block-image size-full\"><img loading=\"lazy\" decoding=\"async\" width=\"536\" height=\"725\" data-id=\"550\" src=\"https:\/\/jadedemeyer.be\/wp-content\/uploads\/2025\/06\/Nantes-zoom.jpg\" alt=\"\" class=\"wp-image-550\" srcset=\"https:\/\/jadedemeyer.be\/wp-content\/uploads\/2025\/06\/Nantes-zoom.jpg 536w, https:\/\/jadedemeyer.be\/wp-content\/uploads\/2025\/06\/Nantes-zoom-222x300.jpg 222w\" sizes=\"auto, (max-width: 536px) 100vw, 536px\" \/><\/figure>\n\n\n\n<figure class=\"wp-block-image size-large\"><img loading=\"lazy\" decoding=\"async\" width=\"820\" height=\"1024\" data-id=\"114\" src=\"https:\/\/jadedemeyer.be\/wp-content\/uploads\/2024\/08\/nantes-environement-820x1024.jpg\" alt=\"\" class=\"wp-image-114\" srcset=\"https:\/\/jadedemeyer.be\/wp-content\/uploads\/2024\/08\/nantes-environement-820x1024.jpg 820w, https:\/\/jadedemeyer.be\/wp-content\/uploads\/2024\/08\/nantes-environement-240x300.jpg 240w, https:\/\/jadedemeyer.be\/wp-content\/uploads\/2024\/08\/nantes-environement-768x959.jpg 768w, https:\/\/jadedemeyer.be\/wp-content\/uploads\/2024\/08\/nantes-environement-1230x1536.jpg 1230w, https:\/\/jadedemeyer.be\/wp-content\/uploads\/2024\/08\/nantes-environement-1639x2048.jpg 1639w\" sizes=\"auto, (max-width: 820px) 100vw, 820px\" \/><\/figure>\n<\/figure>\n<\/div>\n\n\n\n<div class=\"wp-block-column is-layout-constrained wp-container-core-column-is-layout-d3543a3b wp-block-column-is-layout-constrained\" style=\"flex-basis:40%\">\n<div class=\"wp-block-columns is-layout-flex wp-container-core-columns-is-layout-28f84493 wp-block-columns-is-layout-flex\">\n<div class=\"wp-block-column is-layout-flow wp-container-core-column-is-layout-f5bb311e wp-block-column-is-layout-flow\">\n<p class=\"has-mobile-text-align-justify has-small-font-size\">Titre : \u00ab\u00a0Nantes : Racines du Pass\u00e9, Ailes du Pr\u00e9sent\u00a0\u00bb<\/p>\n\n\n\n<p class=\"has-small-font-size\">Technique : Stylo \u00e0 pointe fine sur papier avec touches d\u2019aquarelle<\/p>\n\n\n\n<p class=\"has-small-font-size\">Dimensions de l\u2019\u0153uvre non encadr\u00e9e : 80&#215;100 cm<\/p>\n\n\n\n<p class=\"has-small-font-size\">Ann\u00e9e : 2024<\/p>\n\n\n\n<p class=\"has-mobile-text-align-justify has-small-font-size\">\u0152uvre inspir\u00e9e d\u2019un voyage \u00e0 Nantes, ville portuaire du nord-ouest de la France, au riche pass\u00e9 et \u00e0 l\u2019imaginaire foisonnant. Le dessin met en sc\u00e8ne un arbre central. Ses racines plongent dans l\u2019histoire de Nantes, du commerce triangulaire \u00e0 l\u2019\u00e8re industrielle, tandis que ses branches accueillent les cr\u00e9ations contemporaines qui fa\u00e7onnent l\u2019identit\u00e9 de la ville aujourd\u2019hui. Les machines surr\u00e9alistes de la Royal de Luxe, les grandes sculptures et les installations urbaines forment un \u00e9cosyst\u00e8me po\u00e9tique, \u00e0 la crois\u00e9e des mondes de Jules Verne et du patrimoine industriel nantais. L\u2019ensemble compose une promenade visuelle \u00e0 travers le temps, entre m\u00e9moire, m\u00e9tamorphose et imagination.<\/p>\n<\/div>\n<\/div>\n<\/div>\n<\/div>\n","protected":false},"excerpt":{"rendered":"<p>Titre : \u00ab\u00a0Nantes : Racines du Pass\u00e9, Ailes du Pr\u00e9sent\u00a0\u00bb Technique : Stylo \u00e0 pointe fine sur papier avec touches d\u2019aquarelle Dimensions de l\u2019\u0153uvre non encadr\u00e9e : 80&#215;100 cm Ann\u00e9e : 2024 \u0152uvre inspir\u00e9e d\u2019un voyage \u00e0 Nantes, ville portuaire du nord-ouest de la France, au riche pass\u00e9 et \u00e0 l\u2019imaginaire foisonnant. Le dessin met [&hellip;]<\/p>\n","protected":false},"author":1,"featured_media":0,"parent":0,"menu_order":0,"comment_status":"closed","ping_status":"closed","template":"","meta":{"_locale":"fr_BE","_original_post":"https:\/\/jadedemeyer.be\/?page_id=188","footnotes":""},"class_list":["post-643","page","type-page","status-publish","hentry","fr-BE"],"jetpack_sharing_enabled":true,"_links":{"self":[{"href":"https:\/\/jadedemeyer.be\/wp-json\/wp\/v2\/pages\/643","targetHints":{"allow":["GET"]}}],"collection":[{"href":"https:\/\/jadedemeyer.be\/wp-json\/wp\/v2\/pages"}],"about":[{"href":"https:\/\/jadedemeyer.be\/wp-json\/wp\/v2\/types\/page"}],"author":[{"embeddable":true,"href":"https:\/\/jadedemeyer.be\/wp-json\/wp\/v2\/users\/1"}],"replies":[{"embeddable":true,"href":"https:\/\/jadedemeyer.be\/wp-json\/wp\/v2\/comments?post=643"}],"version-history":[{"count":3,"href":"https:\/\/jadedemeyer.be\/wp-json\/wp\/v2\/pages\/643\/revisions"}],"predecessor-version":[{"id":773,"href":"https:\/\/jadedemeyer.be\/wp-json\/wp\/v2\/pages\/643\/revisions\/773"}],"wp:attachment":[{"href":"https:\/\/jadedemeyer.be\/wp-json\/wp\/v2\/media?parent=643"}],"curies":[{"name":"wp","href":"https:\/\/api.w.org\/{rel}","templated":true}]}}