{"id":640,"date":"2025-07-16T16:26:12","date_gmt":"2025-07-16T14:26:12","guid":{"rendered":"https:\/\/jadedemeyer.be\/?page_id=640"},"modified":"2026-01-26T18:04:20","modified_gmt":"2026-01-26T17:04:20","slug":"japan","status":"publish","type":"page","link":"https:\/\/jadedemeyer.be\/fr\/japan\/","title":{"rendered":"Japon: symbiose entre tradition et  modernit\u00e9"},"content":{"rendered":"\n<div class=\"wp-block-columns is-layout-flex wp-container-core-columns-is-layout-a410b36c wp-block-columns-is-layout-flex\" style=\"margin-top:var(--wp--preset--spacing--60);margin-bottom:var(--wp--preset--spacing--60);padding-top:0;padding-right:var(--wp--preset--spacing--30);padding-bottom:0;padding-left:var(--wp--preset--spacing--30)\">\n<div class=\"wp-block-column is-layout-constrained wp-block-column-is-layout-constrained\" style=\"flex-basis:60%\">\n<figure class=\"wp-block-gallery has-nested-images columns-1 is-cropped wp-block-gallery-1 is-layout-flex wp-block-gallery-is-layout-flex\">\n<figure class=\"wp-block-image size-large\"><img loading=\"lazy\" decoding=\"async\" width=\"819\" height=\"1024\" data-id=\"545\" src=\"https:\/\/jadedemeyer.be\/wp-content\/uploads\/2024\/08\/Japan-corrige-819x1024.jpg\" alt=\"\" class=\"wp-image-545\" srcset=\"https:\/\/jadedemeyer.be\/wp-content\/uploads\/2024\/08\/Japan-corrige-819x1024.jpg 819w, https:\/\/jadedemeyer.be\/wp-content\/uploads\/2024\/08\/Japan-corrige-240x300.jpg 240w, https:\/\/jadedemeyer.be\/wp-content\/uploads\/2024\/08\/Japan-corrige-768x960.jpg 768w, https:\/\/jadedemeyer.be\/wp-content\/uploads\/2024\/08\/Japan-corrige.jpg 1181w\" sizes=\"auto, (max-width: 819px) 100vw, 819px\" \/><\/figure>\n\n\n\n<figure class=\"wp-block-image size-full\"><img loading=\"lazy\" decoding=\"async\" width=\"619\" height=\"734\" data-id=\"552\" src=\"https:\/\/jadedemeyer.be\/wp-content\/uploads\/2025\/06\/japan-zoom-1.jpg\" alt=\"\" class=\"wp-image-552\" srcset=\"https:\/\/jadedemeyer.be\/wp-content\/uploads\/2025\/06\/japan-zoom-1.jpg 619w, https:\/\/jadedemeyer.be\/wp-content\/uploads\/2025\/06\/japan-zoom-1-253x300.jpg 253w\" sizes=\"auto, (max-width: 619px) 100vw, 619px\" \/><\/figure>\n\n\n\n<figure class=\"wp-block-image size-full\"><img loading=\"lazy\" decoding=\"async\" width=\"673\" height=\"827\" data-id=\"553\" src=\"https:\/\/jadedemeyer.be\/wp-content\/uploads\/2025\/06\/japan-zoom-2.jpg\" alt=\"\" class=\"wp-image-553\" srcset=\"https:\/\/jadedemeyer.be\/wp-content\/uploads\/2025\/06\/japan-zoom-2.jpg 673w, https:\/\/jadedemeyer.be\/wp-content\/uploads\/2025\/06\/japan-zoom-2-244x300.jpg 244w\" sizes=\"auto, (max-width: 673px) 100vw, 673px\" \/><\/figure>\n\n\n\n<figure class=\"wp-block-image size-large\"><img loading=\"lazy\" decoding=\"async\" width=\"820\" height=\"1024\" data-id=\"217\" src=\"https:\/\/jadedemeyer.be\/wp-content\/uploads\/2024\/08\/japan-environment-820x1024.jpg\" alt=\"\" class=\"wp-image-217\" srcset=\"https:\/\/jadedemeyer.be\/wp-content\/uploads\/2024\/08\/japan-environment-820x1024.jpg 820w, https:\/\/jadedemeyer.be\/wp-content\/uploads\/2024\/08\/japan-environment-240x300.jpg 240w, https:\/\/jadedemeyer.be\/wp-content\/uploads\/2024\/08\/japan-environment-768x959.jpg 768w, https:\/\/jadedemeyer.be\/wp-content\/uploads\/2024\/08\/japan-environment-1230x1536.jpg 1230w, https:\/\/jadedemeyer.be\/wp-content\/uploads\/2024\/08\/japan-environment-1639x2048.jpg 1639w\" sizes=\"auto, (max-width: 820px) 100vw, 820px\" \/><\/figure>\n<\/figure>\n<\/div>\n\n\n\n<div class=\"wp-block-column is-layout-constrained wp-container-core-column-is-layout-d3543a3b wp-block-column-is-layout-constrained\" style=\"flex-basis:40%\">\n<div class=\"wp-block-columns is-layout-flex wp-container-core-columns-is-layout-28f84493 wp-block-columns-is-layout-flex\">\n<div class=\"wp-block-column has-mobile-text-align-justify is-layout-flow wp-container-core-column-is-layout-f5bb311e wp-block-column-is-layout-flow\">\n<p class=\"has-mobile-text-align-justify has-small-font-size\" style=\"font-style:normal;font-weight:100\">Titr<strong>e : \u00ab\u00a0Japon : Symbiose entre Tradition et  Modernit\u00e9<\/strong>\u00ab\u00a0<\/p>\n\n\n\n<p class=\"has-small-font-size\" style=\"font-style:normal;font-weight:100\"><strong>Technique : Stylo \u00e0 pointe fine sur papier avec touches d\u2019aquarelle<\/strong><\/p>\n\n\n\n<p class=\"has-small-font-size\" style=\"font-style:normal;font-weight:100\"><strong>Dimensions de l\u2019\u0153uvre non encadr\u00e9e : 80x100cm<\/strong><\/p>\n\n\n\n<p class=\"has-small-font-size\" style=\"font-style:normal;font-weight:100\"><strong>Ann\u00e9e : 2022<\/strong><\/p>\n\n\n\n<p class=\"has-text-align-left has-mobile-text-align-justify has-small-font-size\">Cette \u0153uvre est le fruit d\u2019un voyage de deux mois \u00e0 travers le Japon, o\u00f9 tradition et modernit\u00e9 cohabitent avec une pr\u00e9cision po\u00e9tique. De l\u2019effervescence urbaine de Tokyo et Osaka \u00e0 la s\u00e9r\u00e9nit\u00e9 des paysages ruraux, le dessin explore \u00e0 la fois l\u2019h\u00e9ritage spirituel du pays et son architecture avant-gardiste. Des symboles embl\u00e9matiques comme les carpes koi, les cerisiers en fleurs (sakura) ou la c\u00e9l\u00e8bre vague de Hokusai s\u2019entrelacent avec les cr\u00e9ations contemporaines d\u2019architectes tels que Tadao Ando, Kengo Kuma et SANAA, refl\u00e9tant la dualit\u00e9 intemporelle du Japon.<\/p>\n<\/div>\n<\/div>\n<\/div>\n<\/div>\n","protected":false},"excerpt":{"rendered":"<p>Titre : \u00ab\u00a0Japon : Symbiose entre Tradition et Modernit\u00e9\u00ab\u00a0 Technique : Stylo \u00e0 pointe fine sur papier avec touches d\u2019aquarelle Dimensions de l\u2019\u0153uvre non encadr\u00e9e : 80x100cm Ann\u00e9e : 2022 Cette \u0153uvre est le fruit d\u2019un voyage de deux mois \u00e0 travers le Japon, o\u00f9 tradition et modernit\u00e9 cohabitent avec une pr\u00e9cision po\u00e9tique. De l\u2019effervescence [&hellip;]<\/p>\n","protected":false},"author":1,"featured_media":0,"parent":0,"menu_order":0,"comment_status":"closed","ping_status":"closed","template":"","meta":{"_locale":"fr_BE","_original_post":"https:\/\/jadedemeyer.be\/?page_id=186","footnotes":""},"class_list":["post-640","page","type-page","status-publish","hentry","fr-BE"],"jetpack_sharing_enabled":true,"_links":{"self":[{"href":"https:\/\/jadedemeyer.be\/wp-json\/wp\/v2\/pages\/640","targetHints":{"allow":["GET"]}}],"collection":[{"href":"https:\/\/jadedemeyer.be\/wp-json\/wp\/v2\/pages"}],"about":[{"href":"https:\/\/jadedemeyer.be\/wp-json\/wp\/v2\/types\/page"}],"author":[{"embeddable":true,"href":"https:\/\/jadedemeyer.be\/wp-json\/wp\/v2\/users\/1"}],"replies":[{"embeddable":true,"href":"https:\/\/jadedemeyer.be\/wp-json\/wp\/v2\/comments?post=640"}],"version-history":[{"count":4,"href":"https:\/\/jadedemeyer.be\/wp-json\/wp\/v2\/pages\/640\/revisions"}],"predecessor-version":[{"id":771,"href":"https:\/\/jadedemeyer.be\/wp-json\/wp\/v2\/pages\/640\/revisions\/771"}],"wp:attachment":[{"href":"https:\/\/jadedemeyer.be\/wp-json\/wp\/v2\/media?parent=640"}],"curies":[{"name":"wp","href":"https:\/\/api.w.org\/{rel}","templated":true}]}}