{"id":636,"date":"2025-07-16T16:14:46","date_gmt":"2025-07-16T14:14:46","guid":{"rendered":"https:\/\/jadedemeyer.be\/?page_id=636"},"modified":"2026-01-26T18:04:03","modified_gmt":"2026-01-26T17:04:03","slug":"congo","status":"publish","type":"page","link":"https:\/\/jadedemeyer.be\/fr\/congo\/","title":{"rendered":"RD du congo: Faune,Flore et secrets cach\u00e9s"},"content":{"rendered":"\n<div class=\"wp-block-columns is-layout-flex wp-container-core-columns-is-layout-a410b36c wp-block-columns-is-layout-flex\" style=\"margin-top:var(--wp--preset--spacing--60);margin-bottom:var(--wp--preset--spacing--60);padding-top:0;padding-right:var(--wp--preset--spacing--30);padding-bottom:0;padding-left:var(--wp--preset--spacing--30)\">\n<div class=\"wp-block-column is-layout-constrained wp-block-column-is-layout-constrained\" style=\"flex-basis:60%\">\n<figure class=\"wp-block-gallery has-nested-images columns-1 is-cropped wp-block-gallery-1 is-layout-flex wp-block-gallery-is-layout-flex\">\n<figure class=\"wp-block-image size-full\"><img loading=\"lazy\" decoding=\"async\" width=\"670\" height=\"880\" data-id=\"546\" src=\"https:\/\/jadedemeyer.be\/wp-content\/uploads\/2024\/08\/congo-corrige.jpg\" alt=\"\" class=\"wp-image-546\" srcset=\"https:\/\/jadedemeyer.be\/wp-content\/uploads\/2024\/08\/congo-corrige.jpg 670w, https:\/\/jadedemeyer.be\/wp-content\/uploads\/2024\/08\/congo-corrige-228x300.jpg 228w\" sizes=\"auto, (max-width: 670px) 100vw, 670px\" \/><\/figure>\n\n\n\n<figure class=\"wp-block-image size-large\"><img loading=\"lazy\" decoding=\"async\" width=\"661\" height=\"1024\" data-id=\"210\" src=\"https:\/\/jadedemeyer.be\/wp-content\/uploads\/2024\/08\/congo-zoom-1-661x1024.jpg\" alt=\"\" class=\"wp-image-210\" srcset=\"https:\/\/jadedemeyer.be\/wp-content\/uploads\/2024\/08\/congo-zoom-1-661x1024.jpg 661w, https:\/\/jadedemeyer.be\/wp-content\/uploads\/2024\/08\/congo-zoom-1-194x300.jpg 194w, https:\/\/jadedemeyer.be\/wp-content\/uploads\/2024\/08\/congo-zoom-1-768x1190.jpg 768w, https:\/\/jadedemeyer.be\/wp-content\/uploads\/2024\/08\/congo-zoom-1.jpg 853w\" sizes=\"auto, (max-width: 661px) 100vw, 661px\" \/><\/figure>\n\n\n\n<figure class=\"wp-block-image size-large\"><img loading=\"lazy\" decoding=\"async\" width=\"820\" height=\"1024\" data-id=\"606\" src=\"https:\/\/jadedemeyer.be\/wp-content\/uploads\/2025\/06\/IMG_4830-820x1024.jpg\" alt=\"\" class=\"wp-image-606\" srcset=\"https:\/\/jadedemeyer.be\/wp-content\/uploads\/2025\/06\/IMG_4830-820x1024.jpg 820w, https:\/\/jadedemeyer.be\/wp-content\/uploads\/2025\/06\/IMG_4830-240x300.jpg 240w, https:\/\/jadedemeyer.be\/wp-content\/uploads\/2025\/06\/IMG_4830-768x959.jpg 768w, https:\/\/jadedemeyer.be\/wp-content\/uploads\/2025\/06\/IMG_4830-1230x1536.jpg 1230w, https:\/\/jadedemeyer.be\/wp-content\/uploads\/2025\/06\/IMG_4830-1639x2048.jpg 1639w\" sizes=\"auto, (max-width: 820px) 100vw, 820px\" \/><\/figure>\n<\/figure>\n<\/div>\n\n\n\n<div class=\"wp-block-column is-layout-constrained wp-container-core-column-is-layout-d3543a3b wp-block-column-is-layout-constrained\" style=\"flex-basis:40%\">\n<div class=\"wp-block-columns is-layout-flex wp-container-core-columns-is-layout-28f84493 wp-block-columns-is-layout-flex\">\n<div class=\"wp-block-column is-layout-flow wp-container-core-column-is-layout-f5bb311e wp-block-column-is-layout-flow\">\n<p class=\"has-mobile-text-align-justify has-small-font-size\" style=\"font-style:normal;font-weight:100\">Titre: \u201c<strong>RD du Congo : Faune, Flore et Secrets Cach\u00e9s<\/strong>\u00ab\u00a0<\/p>\n\n\n\n<p class=\"has-small-font-size\" style=\"font-style:normal;font-weight:100\"><strong>Technique : Stylo \u00e0 pointe fine sur papier avec touches d\u2019aquarelle<\/strong><\/p>\n\n\n\n<p class=\"has-small-font-size\" style=\"font-style:normal;font-weight:100\"><strong>Dimensions de l\u2019\u0153uvre non encadr\u00e9e : 80&#215;100 cm<\/strong><\/p>\n\n\n\n<p class=\"has-small-font-size\" style=\"font-style:normal;font-weight:100\"><strong>Ann\u00e9e : 2020<\/strong><\/p>\n\n\n\n<p class=\"has-mobile-text-align-justify has-small-font-size\">\u0152uvre inspir\u00e9e d\u2019un voyage de trois mois en R\u00e9publique D\u00e9mocratique du Congo. Le dessin met en lumi\u00e8re la beaut\u00e9 saisissante et les contrastes profonds d\u2019un pays \u00e0 la richesse culturelle et naturelle exceptionnelle, mais dont la population peine \u00e0 tirer profit. Malgr\u00e9 l\u2019abondance de ressources &#8211; terres, for\u00eats, minerais, biodiversit\u00e9 &#8211; une grande partie de la population vit dans une pr\u00e9carit\u00e9 persistante, r\u00e9sultat d\u2019une exploitation concentr\u00e9e entre les mains de quelques-uns. Cette r\u00e9alit\u00e9 est au c\u0153ur de l\u2019\u0153uvre, contrebalanc\u00e9e par des clins d\u2019\u0153il plus l\u00e9gers : paysages tropicaux, sc\u00e8nes de la vie quotidienne, spiritualit\u00e9, artisanat local et r\u00e9f\u00e9rences embl\u00e9matiques.<\/p>\n<\/div>\n<\/div>\n<\/div>\n<\/div>\n","protected":false},"excerpt":{"rendered":"<p>Titre: \u201cRD du Congo : Faune, Flore et Secrets Cach\u00e9s\u00ab\u00a0 Technique : Stylo \u00e0 pointe fine sur papier avec touches d\u2019aquarelle Dimensions de l\u2019\u0153uvre non encadr\u00e9e : 80&#215;100 cm Ann\u00e9e : 2020 \u0152uvre inspir\u00e9e d\u2019un voyage de trois mois en R\u00e9publique D\u00e9mocratique du Congo. Le dessin met en lumi\u00e8re la beaut\u00e9 saisissante et les contrastes [&hellip;]<\/p>\n","protected":false},"author":1,"featured_media":0,"parent":0,"menu_order":0,"comment_status":"closed","ping_status":"closed","template":"","meta":{"_locale":"fr_BE","_original_post":"https:\/\/jadedemeyer.be\/?page_id=184","footnotes":""},"class_list":["post-636","page","type-page","status-publish","hentry","fr-BE"],"jetpack_sharing_enabled":true,"_links":{"self":[{"href":"https:\/\/jadedemeyer.be\/wp-json\/wp\/v2\/pages\/636","targetHints":{"allow":["GET"]}}],"collection":[{"href":"https:\/\/jadedemeyer.be\/wp-json\/wp\/v2\/pages"}],"about":[{"href":"https:\/\/jadedemeyer.be\/wp-json\/wp\/v2\/types\/page"}],"author":[{"embeddable":true,"href":"https:\/\/jadedemeyer.be\/wp-json\/wp\/v2\/users\/1"}],"replies":[{"embeddable":true,"href":"https:\/\/jadedemeyer.be\/wp-json\/wp\/v2\/comments?post=636"}],"version-history":[{"count":4,"href":"https:\/\/jadedemeyer.be\/wp-json\/wp\/v2\/pages\/636\/revisions"}],"predecessor-version":[{"id":770,"href":"https:\/\/jadedemeyer.be\/wp-json\/wp\/v2\/pages\/636\/revisions\/770"}],"wp:attachment":[{"href":"https:\/\/jadedemeyer.be\/wp-json\/wp\/v2\/media?parent=636"}],"curies":[{"name":"wp","href":"https:\/\/api.w.org\/{rel}","templated":true}]}}