{"id":631,"date":"2025-07-16T15:47:56","date_gmt":"2025-07-16T13:47:56","guid":{"rendered":"https:\/\/jadedemeyer.be\/?page_id=631"},"modified":"2026-01-26T18:05:37","modified_gmt":"2026-01-26T17:05:37","slug":"cape-town","status":"publish","type":"page","link":"https:\/\/jadedemeyer.be\/fr\/cape-town\/","title":{"rendered":"Le Cap: La Souris et le Voleur de Diamants"},"content":{"rendered":"\n<div class=\"wp-block-columns is-layout-flex wp-container-core-columns-is-layout-a410b36c wp-block-columns-is-layout-flex\" style=\"margin-top:var(--wp--preset--spacing--60);margin-bottom:var(--wp--preset--spacing--60);padding-top:0;padding-right:var(--wp--preset--spacing--30);padding-bottom:0;padding-left:var(--wp--preset--spacing--30)\">\n<div class=\"wp-block-column is-layout-constrained wp-block-column-is-layout-constrained\" style=\"flex-basis:60%\">\n<figure class=\"wp-block-gallery has-nested-images columns-1 is-cropped wp-block-gallery-1 is-layout-flex wp-block-gallery-is-layout-flex\">\n<figure class=\"wp-block-image size-large\"><img loading=\"lazy\" decoding=\"async\" width=\"1024\" height=\"409\" data-id=\"542\" src=\"https:\/\/jadedemeyer.be\/wp-content\/uploads\/2024\/08\/South-Africa-CA-1024x409.jpg\" alt=\"\" class=\"wp-image-542\" srcset=\"https:\/\/jadedemeyer.be\/wp-content\/uploads\/2024\/08\/South-Africa-CA-1024x409.jpg 1024w, https:\/\/jadedemeyer.be\/wp-content\/uploads\/2024\/08\/South-Africa-CA-300x120.jpg 300w, https:\/\/jadedemeyer.be\/wp-content\/uploads\/2024\/08\/South-Africa-CA-768x307.jpg 768w, https:\/\/jadedemeyer.be\/wp-content\/uploads\/2024\/08\/South-Africa-CA-1536x614.jpg 1536w, https:\/\/jadedemeyer.be\/wp-content\/uploads\/2024\/08\/South-Africa-CA.jpg 1846w\" sizes=\"auto, (max-width: 1024px) 100vw, 1024px\" \/><\/figure>\n\n\n\n<figure class=\"wp-block-image size-full\"><img loading=\"lazy\" decoding=\"async\" width=\"528\" height=\"782\" data-id=\"556\" src=\"https:\/\/jadedemeyer.be\/wp-content\/uploads\/2025\/06\/South-Africa-zoom-1.jpg\" alt=\"\" class=\"wp-image-556\" srcset=\"https:\/\/jadedemeyer.be\/wp-content\/uploads\/2025\/06\/South-Africa-zoom-1.jpg 528w, https:\/\/jadedemeyer.be\/wp-content\/uploads\/2025\/06\/South-Africa-zoom-1-203x300.jpg 203w\" sizes=\"auto, (max-width: 528px) 100vw, 528px\" \/><\/figure>\n\n\n\n<figure class=\"wp-block-image size-large\"><img loading=\"lazy\" decoding=\"async\" width=\"1024\" height=\"641\" data-id=\"593\" src=\"https:\/\/jadedemeyer.be\/wp-content\/uploads\/2025\/06\/IMG_4815-1024x641.jpg\" alt=\"\" class=\"wp-image-593\" srcset=\"https:\/\/jadedemeyer.be\/wp-content\/uploads\/2025\/06\/IMG_4815-1024x641.jpg 1024w, https:\/\/jadedemeyer.be\/wp-content\/uploads\/2025\/06\/IMG_4815-300x188.jpg 300w, https:\/\/jadedemeyer.be\/wp-content\/uploads\/2025\/06\/IMG_4815-768x481.jpg 768w, https:\/\/jadedemeyer.be\/wp-content\/uploads\/2025\/06\/IMG_4815-1536x961.jpg 1536w, https:\/\/jadedemeyer.be\/wp-content\/uploads\/2025\/06\/IMG_4815-2048x1281.jpg 2048w\" sizes=\"auto, (max-width: 1024px) 100vw, 1024px\" \/><\/figure>\n<\/figure>\n<\/div>\n\n\n\n<div class=\"wp-block-column is-layout-constrained wp-container-core-column-is-layout-d3543a3b wp-block-column-is-layout-constrained\" style=\"flex-basis:40%\">\n<div class=\"wp-block-columns is-layout-flex wp-container-core-columns-is-layout-28f84493 wp-block-columns-is-layout-flex\">\n<div class=\"wp-block-column is-layout-flow wp-container-core-column-is-layout-f5bb311e wp-block-column-is-layout-flow\">\n<p class=\"has-mobile-text-align-justify has-small-font-size\">Titre: \u201cLe Cap : La Souris et le Voleur de Diamants\u00a0\u00bb<\/p>\n\n\n\n<p class=\"has-small-font-size\">Technique : Stylo \u00e0 pointe fine sur papier avec touches d\u2019aquarelle<\/p>\n\n\n\n<p class=\"has-small-font-size\">Dimensions de l\u2019\u0153uvre non encadr\u00e9e : 50&#215;125 cm<\/p>\n\n\n\n<p class=\"has-small-font-size\">Ann\u00e9e : 2018<\/p>\n\n\n\n<p class=\"has-mobile-text-align-justify has-small-font-size\">\u0152uvre inspir\u00e9e d\u2019un voyage en Afrique du Sud, entre Le Cap et ses environs. Le dessin m\u00eale plusieurs vues du front de mer Victoria &amp; Alfred, entrelac\u00e9es avec des \u00e9l\u00e9ments embl\u00e9matiques tels que la c\u00e9l\u00e8bre \u00ab\u202fClock Tower\u202f\u00bb rouge, les passerelles en bois de Boulders Beach ou encore des allusions \u00e0 l\u2019industrie du diamant. En arri\u00e8re-plan, la silhouette discr\u00e8te mais reconnaissable de la montagne de la Table veille sur la sc\u00e8ne.<\/p>\n<\/div>\n<\/div>\n<\/div>\n<\/div>\n","protected":false},"excerpt":{"rendered":"<p>Titre: \u201cLe Cap : La Souris et le Voleur de Diamants\u00a0\u00bb Technique : Stylo \u00e0 pointe fine sur papier avec touches d\u2019aquarelle Dimensions de l\u2019\u0153uvre non encadr\u00e9e : 50&#215;125 cm Ann\u00e9e : 2018 \u0152uvre inspir\u00e9e d\u2019un voyage en Afrique du Sud, entre Le Cap et ses environs. Le dessin m\u00eale plusieurs vues du front de [&hellip;]<\/p>\n","protected":false},"author":1,"featured_media":0,"parent":0,"menu_order":0,"comment_status":"closed","ping_status":"closed","template":"","meta":{"_locale":"fr_BE","_original_post":"https:\/\/jadedemeyer.be\/?page_id=194","footnotes":""},"class_list":["post-631","page","type-page","status-publish","hentry","fr-BE"],"jetpack_sharing_enabled":true,"_links":{"self":[{"href":"https:\/\/jadedemeyer.be\/wp-json\/wp\/v2\/pages\/631","targetHints":{"allow":["GET"]}}],"collection":[{"href":"https:\/\/jadedemeyer.be\/wp-json\/wp\/v2\/pages"}],"about":[{"href":"https:\/\/jadedemeyer.be\/wp-json\/wp\/v2\/types\/page"}],"author":[{"embeddable":true,"href":"https:\/\/jadedemeyer.be\/wp-json\/wp\/v2\/users\/1"}],"replies":[{"embeddable":true,"href":"https:\/\/jadedemeyer.be\/wp-json\/wp\/v2\/comments?post=631"}],"version-history":[{"count":4,"href":"https:\/\/jadedemeyer.be\/wp-json\/wp\/v2\/pages\/631\/revisions"}],"predecessor-version":[{"id":775,"href":"https:\/\/jadedemeyer.be\/wp-json\/wp\/v2\/pages\/631\/revisions\/775"}],"wp:attachment":[{"href":"https:\/\/jadedemeyer.be\/wp-json\/wp\/v2\/media?parent=631"}],"curies":[{"name":"wp","href":"https:\/\/api.w.org\/{rel}","templated":true}]}}