{"id":628,"date":"2025-07-16T15:39:06","date_gmt":"2025-07-16T13:39:06","guid":{"rendered":"https:\/\/jadedemeyer.be\/?page_id=628"},"modified":"2026-01-26T18:03:46","modified_gmt":"2026-01-26T17:03:46","slug":"hotel-solvay","status":"publish","type":"page","link":"https:\/\/jadedemeyer.be\/fr\/hotel-solvay\/","title":{"rendered":"Bruxelles: l&rsquo;histoire de l&rsquo; Hotel Solvay, joyau de l&rsquo;art nouveau"},"content":{"rendered":"\n<div class=\"wp-block-columns is-layout-flex wp-container-core-columns-is-layout-a410b36c wp-block-columns-is-layout-flex\" style=\"margin-top:var(--wp--preset--spacing--60);margin-bottom:var(--wp--preset--spacing--60);padding-top:0;padding-right:var(--wp--preset--spacing--30);padding-bottom:0;padding-left:var(--wp--preset--spacing--30)\">\n<div class=\"wp-block-column is-layout-constrained wp-block-column-is-layout-constrained\" style=\"flex-basis:60%\">\n<figure class=\"wp-block-gallery has-nested-images columns-1 is-cropped wp-block-gallery-1 is-layout-flex wp-block-gallery-is-layout-flex\">\n<figure class=\"wp-block-image size-full\"><img loading=\"lazy\" decoding=\"async\" width=\"1558\" height=\"1558\" data-id=\"575\" src=\"https:\/\/jadedemeyer.be\/wp-content\/uploads\/2025\/06\/solvay.jpg\" alt=\"\" class=\"wp-image-575\" srcset=\"https:\/\/jadedemeyer.be\/wp-content\/uploads\/2025\/06\/solvay.jpg 1558w, https:\/\/jadedemeyer.be\/wp-content\/uploads\/2025\/06\/solvay-300x300.jpg 300w, https:\/\/jadedemeyer.be\/wp-content\/uploads\/2025\/06\/solvay-1024x1024.jpg 1024w, https:\/\/jadedemeyer.be\/wp-content\/uploads\/2025\/06\/solvay-150x150.jpg 150w, https:\/\/jadedemeyer.be\/wp-content\/uploads\/2025\/06\/solvay-768x768.jpg 768w, https:\/\/jadedemeyer.be\/wp-content\/uploads\/2025\/06\/solvay-1536x1536.jpg 1536w\" sizes=\"auto, (max-width: 1558px) 100vw, 1558px\" \/><\/figure>\n\n\n\n<figure class=\"wp-block-image size-full\"><img loading=\"lazy\" decoding=\"async\" width=\"599\" height=\"774\" data-id=\"577\" src=\"https:\/\/jadedemeyer.be\/wp-content\/uploads\/2025\/06\/solvay-zoom.jpg\" alt=\"\" class=\"wp-image-577\" srcset=\"https:\/\/jadedemeyer.be\/wp-content\/uploads\/2025\/06\/solvay-zoom.jpg 599w, https:\/\/jadedemeyer.be\/wp-content\/uploads\/2025\/06\/solvay-zoom-232x300.jpg 232w\" sizes=\"auto, (max-width: 599px) 100vw, 599px\" \/><\/figure>\n\n\n\n<figure class=\"wp-block-image size-full\"><img loading=\"lazy\" decoding=\"async\" width=\"2049\" height=\"2560\" data-id=\"603\" src=\"https:\/\/jadedemeyer.be\/wp-content\/uploads\/2025\/06\/IMG_4731-scaled.jpg\" alt=\"\" class=\"wp-image-603\" srcset=\"https:\/\/jadedemeyer.be\/wp-content\/uploads\/2025\/06\/IMG_4731-scaled.jpg 2049w, https:\/\/jadedemeyer.be\/wp-content\/uploads\/2025\/06\/IMG_4731-240x300.jpg 240w, https:\/\/jadedemeyer.be\/wp-content\/uploads\/2025\/06\/IMG_4731-820x1024.jpg 820w, https:\/\/jadedemeyer.be\/wp-content\/uploads\/2025\/06\/IMG_4731-768x959.jpg 768w, https:\/\/jadedemeyer.be\/wp-content\/uploads\/2025\/06\/IMG_4731-1230x1536.jpg 1230w, https:\/\/jadedemeyer.be\/wp-content\/uploads\/2025\/06\/IMG_4731-1639x2048.jpg 1639w\" sizes=\"auto, (max-width: 2049px) 100vw, 2049px\" \/><\/figure>\n<\/figure>\n<\/div>\n\n\n\n<div class=\"wp-block-column is-layout-constrained wp-container-core-column-is-layout-d3543a3b wp-block-column-is-layout-constrained\" style=\"flex-basis:40%\">\n<div class=\"wp-block-columns is-layout-flex wp-container-core-columns-is-layout-28f84493 wp-block-columns-is-layout-flex\">\n<div class=\"wp-block-column is-layout-flow wp-container-core-column-is-layout-f5bb311e wp-block-column-is-layout-flow\">\n<p class=\"has-mobile-text-align-justify has-small-font-size\">Titre: \u201cBruxelles : L\u2019Histoire de l\u2019H\u00f4tel Solvay, Joyau de l\u2019Art Nouveau\u00a0\u00bb<\/p>\n\n\n\n<p class=\"has-small-font-size\">Technique : Stylo \u00e0 pointe fine sur papier<\/p>\n\n\n\n<p class=\"has-small-font-size\">Dimensions de l\u2019\u0153uvre non encadr\u00e9e : 100x100cm<\/p>\n\n\n\n<p class=\"has-small-font-size\">Ann\u00e9e : 2025<\/p>\n\n\n\n<p class=\"has-mobile-text-align-justify has-small-font-size\">Cette \u0153uvre repr\u00e9sente le c\u00e9l\u00e8bre H\u00f4tel Solvay, maison de ma\u00eetre bruxelloise con\u00e7ue par Victor Horta pour l\u2019industriel Armand Solvay. V\u00e9ritable chef-d\u2019\u0153uvre de l\u2019Art Nouveau \u00e0 l\u2019\u00e9chelle europ\u00e9enne, ce b\u00e2timent est class\u00e9 au patrimoine mondial de l\u2019UNESCO. Il incarne l\u2019apog\u00e9e du mouvement Art Nouveau de Horta et refl\u00e8te sa vision architecturale lorsqu\u2019aucune contrainte budg\u00e9taire ne limitait sa cr\u00e9ativit\u00e9. Les principes fondamentaux de son architecture et du style Art Nouveau se retrouvent dans ce dessin.<\/p>\n<\/div>\n<\/div>\n<\/div>\n<\/div>\n","protected":false},"excerpt":{"rendered":"<p>Titre: \u201cBruxelles : L\u2019Histoire de l\u2019H\u00f4tel Solvay, Joyau de l\u2019Art Nouveau\u00a0\u00bb Technique : Stylo \u00e0 pointe fine sur papier Dimensions de l\u2019\u0153uvre non encadr\u00e9e : 100x100cm Ann\u00e9e : 2025 Cette \u0153uvre repr\u00e9sente le c\u00e9l\u00e8bre H\u00f4tel Solvay, maison de ma\u00eetre bruxelloise con\u00e7ue par Victor Horta pour l\u2019industriel Armand Solvay. V\u00e9ritable chef-d\u2019\u0153uvre de l\u2019Art Nouveau \u00e0 l\u2019\u00e9chelle [&hellip;]<\/p>\n","protected":false},"author":1,"featured_media":0,"parent":0,"menu_order":0,"comment_status":"closed","ping_status":"closed","template":"","meta":{"_locale":"fr_BE","_original_post":"https:\/\/jadedemeyer.be\/?page_id=494","footnotes":""},"class_list":["post-628","page","type-page","status-publish","hentry","fr-BE"],"jetpack_sharing_enabled":true,"_links":{"self":[{"href":"https:\/\/jadedemeyer.be\/wp-json\/wp\/v2\/pages\/628","targetHints":{"allow":["GET"]}}],"collection":[{"href":"https:\/\/jadedemeyer.be\/wp-json\/wp\/v2\/pages"}],"about":[{"href":"https:\/\/jadedemeyer.be\/wp-json\/wp\/v2\/types\/page"}],"author":[{"embeddable":true,"href":"https:\/\/jadedemeyer.be\/wp-json\/wp\/v2\/users\/1"}],"replies":[{"embeddable":true,"href":"https:\/\/jadedemeyer.be\/wp-json\/wp\/v2\/comments?post=628"}],"version-history":[{"count":4,"href":"https:\/\/jadedemeyer.be\/wp-json\/wp\/v2\/pages\/628\/revisions"}],"predecessor-version":[{"id":769,"href":"https:\/\/jadedemeyer.be\/wp-json\/wp\/v2\/pages\/628\/revisions\/769"}],"wp:attachment":[{"href":"https:\/\/jadedemeyer.be\/wp-json\/wp\/v2\/media?parent=628"}],"curies":[{"name":"wp","href":"https:\/\/api.w.org\/{rel}","templated":true}]}}