{"id":626,"date":"2025-07-16T15:34:19","date_gmt":"2025-07-16T13:34:19","guid":{"rendered":"https:\/\/jadedemeyer.be\/?page_id=626"},"modified":"2026-01-26T18:03:28","modified_gmt":"2026-01-26T17:03:28","slug":"horta","status":"publish","type":"page","link":"https:\/\/jadedemeyer.be\/fr\/horta\/","title":{"rendered":"Bruxelles: du N\u00e9oclassicisme \u00e0 l&rsquo;Art Nouveau de Victor Horta"},"content":{"rendered":"\n<div class=\"wp-block-columns is-layout-flex wp-container-core-columns-is-layout-a410b36c wp-block-columns-is-layout-flex\" style=\"margin-top:var(--wp--preset--spacing--60);margin-bottom:var(--wp--preset--spacing--60);padding-top:0;padding-right:var(--wp--preset--spacing--30);padding-bottom:0;padding-left:var(--wp--preset--spacing--30)\">\n<div class=\"wp-block-column is-layout-constrained wp-block-column-is-layout-constrained\" style=\"flex-basis:60%\">\n<figure class=\"wp-block-gallery has-nested-images columns-1 is-cropped wp-block-gallery-1 is-layout-flex wp-block-gallery-is-layout-flex\">\n<figure class=\"wp-block-image size-large\"><img loading=\"lazy\" decoding=\"async\" width=\"473\" height=\"1024\" data-id=\"547\" src=\"https:\/\/jadedemeyer.be\/wp-content\/uploads\/2024\/08\/Horta-corr-473x1024.jpg\" alt=\"\" class=\"wp-image-547\" srcset=\"https:\/\/jadedemeyer.be\/wp-content\/uploads\/2024\/08\/Horta-corr-473x1024.jpg 473w, https:\/\/jadedemeyer.be\/wp-content\/uploads\/2024\/08\/Horta-corr-139x300.jpg 139w, https:\/\/jadedemeyer.be\/wp-content\/uploads\/2024\/08\/Horta-corr-768x1663.jpg 768w, https:\/\/jadedemeyer.be\/wp-content\/uploads\/2024\/08\/Horta-corr-709x1536.jpg 709w, https:\/\/jadedemeyer.be\/wp-content\/uploads\/2024\/08\/Horta-corr.jpg 886w\" sizes=\"auto, (max-width: 473px) 100vw, 473px\" \/><\/figure>\n\n\n\n<figure class=\"wp-block-image size-full\"><img loading=\"lazy\" decoding=\"async\" width=\"517\" height=\"774\" data-id=\"558\" src=\"https:\/\/jadedemeyer.be\/wp-content\/uploads\/2025\/06\/Horta-zoom_.jpg\" alt=\"\" class=\"wp-image-558\" srcset=\"https:\/\/jadedemeyer.be\/wp-content\/uploads\/2025\/06\/Horta-zoom_.jpg 517w, https:\/\/jadedemeyer.be\/wp-content\/uploads\/2025\/06\/Horta-zoom_-200x300.jpg 200w\" sizes=\"auto, (max-width: 517px) 100vw, 517px\" \/><\/figure>\n\n\n\n<figure class=\"wp-block-image size-large\"><img loading=\"lazy\" decoding=\"async\" width=\"820\" height=\"1024\" data-id=\"588\" src=\"https:\/\/jadedemeyer.be\/wp-content\/uploads\/2025\/06\/IMG_4706-820x1024.jpg\" alt=\"\" class=\"wp-image-588\" srcset=\"https:\/\/jadedemeyer.be\/wp-content\/uploads\/2025\/06\/IMG_4706-820x1024.jpg 820w, https:\/\/jadedemeyer.be\/wp-content\/uploads\/2025\/06\/IMG_4706-240x300.jpg 240w, https:\/\/jadedemeyer.be\/wp-content\/uploads\/2025\/06\/IMG_4706-768x959.jpg 768w, https:\/\/jadedemeyer.be\/wp-content\/uploads\/2025\/06\/IMG_4706-1230x1536.jpg 1230w, https:\/\/jadedemeyer.be\/wp-content\/uploads\/2025\/06\/IMG_4706-1639x2048.jpg 1639w\" sizes=\"auto, (max-width: 820px) 100vw, 820px\" \/><\/figure>\n<\/figure>\n<\/div>\n\n\n\n<div class=\"wp-block-column is-layout-constrained wp-container-core-column-is-layout-d3543a3b wp-block-column-is-layout-constrained\" style=\"flex-basis:40%\">\n<div class=\"wp-block-columns is-layout-flex wp-container-core-columns-is-layout-28f84493 wp-block-columns-is-layout-flex\">\n<div class=\"wp-block-column is-layout-flow wp-container-core-column-is-layout-f5bb311e wp-block-column-is-layout-flow\">\n<p class=\"has-mobile-text-align-justify has-small-font-size\">Titre: \u201cBruxelles: du N\u00e9oclassicisme \u00e0 l&rsquo;Art Nouveau de Victor Horta\u00a0\u00bb<\/p>\n\n\n\n<p class=\"has-mobile-text-align-justify has-small-font-size\">Technique : Stylo \u00e0 pointe fine sur papier avec touches d\u2019aquarelle<\/p>\n\n\n\n<p class=\"has-small-font-size\">Dimensions de l\u2019\u0153uvre non encadr\u00e9e: 60&#215;130 cm<\/p>\n\n\n\n<p class=\"has-small-font-size\">Ann\u00e9e : 2024<\/p>\n\n\n\n<p class=\"has-mobile-text-align-justify has-small-font-size\">Cette \u0153uvre s\u2019inspire des d\u00e9buts de Victor Horta, figure majeure de l\u2019Art nouveau belge. Le dessin suit un fil chronologique (du bas vers le haut), retra\u00e7ant les premi\u00e8res \u00e9tapes de sa carri\u00e8re : son stage aupr\u00e8s d\u2019Alphonse Balat, sa premi\u00e8re commande officielle avec le pavillon des Passions humaines, son entr\u00e9e en franc-ma\u00e7onnerie, la r\u00e9alisation de sa premi\u00e8re maison compl\u00e8te avec la maison Autrique, et enfin l\u2019H\u00f4tel Tassel, son premier h\u00f4tel de ma\u00eetre r\u00e9alis\u00e9 avec un budget \u00e0 la hauteur de ses ambitions. \u00c0 travers ces trois b\u00e2timents, on assiste \u00e0 la m\u00e9tamorphose d\u2019un style : des racines n\u00e9oclassiques aux pr\u00e9mices d\u2019un Art nouveau total.<\/p>\n<\/div>\n<\/div>\n<\/div>\n<\/div>\n","protected":false},"excerpt":{"rendered":"<p>Titre: \u201cBruxelles: du N\u00e9oclassicisme \u00e0 l&rsquo;Art Nouveau de Victor Horta\u00a0\u00bb Technique : Stylo \u00e0 pointe fine sur papier avec touches d\u2019aquarelle Dimensions de l\u2019\u0153uvre non encadr\u00e9e: 60&#215;130 cm Ann\u00e9e : 2024 Cette \u0153uvre s\u2019inspire des d\u00e9buts de Victor Horta, figure majeure de l\u2019Art nouveau belge. Le dessin suit un fil chronologique (du bas vers le [&hellip;]<\/p>\n","protected":false},"author":1,"featured_media":0,"parent":0,"menu_order":0,"comment_status":"closed","ping_status":"closed","template":"","meta":{"_locale":"fr_BE","_original_post":"https:\/\/jadedemeyer.be\/?page_id=198","footnotes":""},"class_list":["post-626","page","type-page","status-publish","hentry","fr-BE"],"jetpack_sharing_enabled":true,"_links":{"self":[{"href":"https:\/\/jadedemeyer.be\/wp-json\/wp\/v2\/pages\/626","targetHints":{"allow":["GET"]}}],"collection":[{"href":"https:\/\/jadedemeyer.be\/wp-json\/wp\/v2\/pages"}],"about":[{"href":"https:\/\/jadedemeyer.be\/wp-json\/wp\/v2\/types\/page"}],"author":[{"embeddable":true,"href":"https:\/\/jadedemeyer.be\/wp-json\/wp\/v2\/users\/1"}],"replies":[{"embeddable":true,"href":"https:\/\/jadedemeyer.be\/wp-json\/wp\/v2\/comments?post=626"}],"version-history":[{"count":4,"href":"https:\/\/jadedemeyer.be\/wp-json\/wp\/v2\/pages\/626\/revisions"}],"predecessor-version":[{"id":768,"href":"https:\/\/jadedemeyer.be\/wp-json\/wp\/v2\/pages\/626\/revisions\/768"}],"wp:attachment":[{"href":"https:\/\/jadedemeyer.be\/wp-json\/wp\/v2\/media?parent=626"}],"curies":[{"name":"wp","href":"https:\/\/api.w.org\/{rel}","templated":true}]}}