{"id":621,"date":"2025-07-16T15:22:34","date_gmt":"2025-07-16T13:22:34","guid":{"rendered":"https:\/\/jadedemeyer.be\/?page_id=621"},"modified":"2026-01-26T18:05:22","modified_gmt":"2026-01-26T17:05:22","slug":"bruges","status":"publish","type":"page","link":"https:\/\/jadedemeyer.be\/fr\/bruges\/","title":{"rendered":"Bruges: R\u00e9chauffement Climatique et Vestiges d\u2019une Cit\u00e9 Engloutie"},"content":{"rendered":"\n<div class=\"wp-block-columns is-layout-flex wp-container-core-columns-is-layout-a410b36c wp-block-columns-is-layout-flex\" style=\"margin-top:var(--wp--preset--spacing--60);margin-bottom:var(--wp--preset--spacing--60);padding-top:0;padding-right:var(--wp--preset--spacing--30);padding-bottom:0;padding-left:var(--wp--preset--spacing--30)\">\n<div class=\"wp-block-column is-layout-constrained wp-block-column-is-layout-constrained\" style=\"flex-basis:60%\">\n<figure class=\"wp-block-gallery has-nested-images columns-1 is-cropped wp-block-gallery-1 is-layout-flex wp-block-gallery-is-layout-flex\">\n<figure class=\"wp-block-image size-full\"><img loading=\"lazy\" decoding=\"async\" width=\"494\" height=\"616\" data-id=\"535\" src=\"https:\/\/jadedemeyer.be\/wp-content\/uploads\/2024\/08\/Bruges-.jpg\" alt=\"\" class=\"wp-image-535\" srcset=\"https:\/\/jadedemeyer.be\/wp-content\/uploads\/2024\/08\/Bruges-.jpg 494w, https:\/\/jadedemeyer.be\/wp-content\/uploads\/2024\/08\/Bruges--241x300.jpg 241w\" sizes=\"auto, (max-width: 494px) 100vw, 494px\" \/><\/figure>\n\n\n\n<figure class=\"wp-block-image size-full\"><img loading=\"lazy\" decoding=\"async\" width=\"369\" height=\"547\" data-id=\"368\" src=\"https:\/\/jadedemeyer.be\/wp-content\/uploads\/2024\/08\/Bruges-zoom-2-corrige.jpg\" alt=\"\" class=\"wp-image-368\" srcset=\"https:\/\/jadedemeyer.be\/wp-content\/uploads\/2024\/08\/Bruges-zoom-2-corrige.jpg 369w, https:\/\/jadedemeyer.be\/wp-content\/uploads\/2024\/08\/Bruges-zoom-2-corrige-202x300.jpg 202w\" sizes=\"auto, (max-width: 369px) 100vw, 369px\" \/><\/figure>\n\n\n\n<figure class=\"wp-block-image size-large\"><img loading=\"lazy\" decoding=\"async\" width=\"820\" height=\"1024\" data-id=\"590\" src=\"https:\/\/jadedemeyer.be\/wp-content\/uploads\/2025\/06\/IMG_4787-820x1024.jpg\" alt=\"\" class=\"wp-image-590\" srcset=\"https:\/\/jadedemeyer.be\/wp-content\/uploads\/2025\/06\/IMG_4787-820x1024.jpg 820w, https:\/\/jadedemeyer.be\/wp-content\/uploads\/2025\/06\/IMG_4787-240x300.jpg 240w, https:\/\/jadedemeyer.be\/wp-content\/uploads\/2025\/06\/IMG_4787-768x959.jpg 768w, https:\/\/jadedemeyer.be\/wp-content\/uploads\/2025\/06\/IMG_4787-1230x1536.jpg 1230w, https:\/\/jadedemeyer.be\/wp-content\/uploads\/2025\/06\/IMG_4787-1639x2048.jpg 1639w\" sizes=\"auto, (max-width: 820px) 100vw, 820px\" \/><\/figure>\n<\/figure>\n<\/div>\n\n\n\n<div class=\"wp-block-column is-layout-constrained wp-container-core-column-is-layout-d3543a3b wp-block-column-is-layout-constrained\" style=\"flex-basis:40%\">\n<div class=\"wp-block-columns is-layout-flex wp-container-core-columns-is-layout-28f84493 wp-block-columns-is-layout-flex\">\n<div class=\"wp-block-column is-layout-flow wp-container-core-column-is-layout-f5bb311e wp-block-column-is-layout-flow\">\n<p class=\"has-mobile-text-align-justify has-small-font-size\">Title: \u201cBruges: R\u00e9chauffement Climatique et Vestiges d\u2019une Cit\u00e9 Engloutie\u00a0\u00bb<\/p>\n\n\n\n<p class=\"has-mobile-text-align-justify has-small-font-size\">Technique : Stylo \u00e0 pointe fine sur papier avec touches d\u2019aquarelle<\/p>\n\n\n\n<p class=\"has-small-font-size\">Dimensions de l\u2019\u0153uvre non encadr\u00e9e : 40&#215;50 cm<\/p>\n\n\n\n<p class=\"has-small-font-size\">Ann\u00e9e : 2023<\/p>\n\n\n\n<p class=\"has-small-font-size\">\u0152uvre inspir\u00e9e par la probl\u00e9matique persistante li\u00e9e au r\u00e9chauffement climatique et \u00e0 la mont\u00e9e du niveau des oc\u00e9ans. Le dessin repr\u00e9sente la ville de Bruges, au riche patrimoine, situ\u00e9e pr\u00e8s de la c\u00f4te belge. D\u00e9sormais submerg\u00e9e, la ville est habit\u00e9e par des cr\u00e9atures qui, pour se d\u00e9placer dans les rues, enfilent des scaphandres ou plongent en apn\u00e9e. Parmi les r\u00e9f\u00e9rences \u00e0 Bruges figurent la statue du peintre flamand Jan van Eyck, d\u00e9sormais entour\u00e9e de plantes aquatiques, la tour de la \u00abPoortersloge\u00bb (tour des bourgeois), les ponts typiques et les cygnes flottant d\u00e9sormais entre deux mondes.<\/p>\n<\/div>\n<\/div>\n<\/div>\n<\/div>\n","protected":false},"excerpt":{"rendered":"<p>Title: \u201cBruges: R\u00e9chauffement Climatique et Vestiges d\u2019une Cit\u00e9 Engloutie\u00a0\u00bb Technique : Stylo \u00e0 pointe fine sur papier avec touches d\u2019aquarelle Dimensions de l\u2019\u0153uvre non encadr\u00e9e : 40&#215;50 cm Ann\u00e9e : 2023 \u0152uvre inspir\u00e9e par la probl\u00e9matique persistante li\u00e9e au r\u00e9chauffement climatique et \u00e0 la mont\u00e9e du niveau des oc\u00e9ans. Le dessin repr\u00e9sente la ville de [&hellip;]<\/p>\n","protected":false},"author":1,"featured_media":0,"parent":0,"menu_order":0,"comment_status":"closed","ping_status":"closed","template":"","meta":{"_locale":"fr_BE","_original_post":"https:\/\/jadedemeyer.be\/?page_id=192","footnotes":""},"class_list":["post-621","page","type-page","status-publish","hentry","fr-BE"],"jetpack_sharing_enabled":true,"_links":{"self":[{"href":"https:\/\/jadedemeyer.be\/wp-json\/wp\/v2\/pages\/621","targetHints":{"allow":["GET"]}}],"collection":[{"href":"https:\/\/jadedemeyer.be\/wp-json\/wp\/v2\/pages"}],"about":[{"href":"https:\/\/jadedemeyer.be\/wp-json\/wp\/v2\/types\/page"}],"author":[{"embeddable":true,"href":"https:\/\/jadedemeyer.be\/wp-json\/wp\/v2\/users\/1"}],"replies":[{"embeddable":true,"href":"https:\/\/jadedemeyer.be\/wp-json\/wp\/v2\/comments?post=621"}],"version-history":[{"count":3,"href":"https:\/\/jadedemeyer.be\/wp-json\/wp\/v2\/pages\/621\/revisions"}],"predecessor-version":[{"id":774,"href":"https:\/\/jadedemeyer.be\/wp-json\/wp\/v2\/pages\/621\/revisions\/774"}],"wp:attachment":[{"href":"https:\/\/jadedemeyer.be\/wp-json\/wp\/v2\/media?parent=621"}],"curies":[{"name":"wp","href":"https:\/\/api.w.org\/{rel}","templated":true}]}}