{"id":614,"date":"2025-07-16T15:13:20","date_gmt":"2025-07-16T13:13:20","guid":{"rendered":"https:\/\/jadedemeyer.be\/?page_id=614"},"modified":"2026-01-26T18:04:38","modified_gmt":"2026-01-26T17:04:38","slug":"architects","status":"publish","type":"page","link":"https:\/\/jadedemeyer.be\/fr\/architects\/","title":{"rendered":"Architectes au travail"},"content":{"rendered":"\n<div class=\"wp-block-columns is-layout-flex wp-container-core-columns-is-layout-a410b36c wp-block-columns-is-layout-flex\" style=\"margin-top:var(--wp--preset--spacing--60);margin-bottom:var(--wp--preset--spacing--60);padding-top:0;padding-right:var(--wp--preset--spacing--30);padding-bottom:0;padding-left:var(--wp--preset--spacing--30)\">\n<div class=\"wp-block-column is-layout-constrained wp-block-column-is-layout-constrained\" style=\"flex-basis:60%\">\n<figure class=\"wp-block-gallery has-nested-images columns-1 is-cropped wp-block-gallery-1 is-layout-flex wp-block-gallery-is-layout-flex\">\n<figure class=\"wp-block-image size-full\"><img loading=\"lazy\" decoding=\"async\" width=\"1134\" height=\"1417\" data-id=\"544\" src=\"https:\/\/jadedemeyer.be\/wp-content\/uploads\/2024\/08\/archi-pro-final.jpg\" alt=\"\" class=\"wp-image-544\" srcset=\"https:\/\/jadedemeyer.be\/wp-content\/uploads\/2024\/08\/archi-pro-final.jpg 1134w, https:\/\/jadedemeyer.be\/wp-content\/uploads\/2024\/08\/archi-pro-final-240x300.jpg 240w, https:\/\/jadedemeyer.be\/wp-content\/uploads\/2024\/08\/archi-pro-final-819x1024.jpg 819w, https:\/\/jadedemeyer.be\/wp-content\/uploads\/2024\/08\/archi-pro-final-768x960.jpg 768w\" sizes=\"auto, (max-width: 1134px) 100vw, 1134px\" \/><\/figure>\n\n\n\n<figure class=\"wp-block-image size-large\"><img loading=\"lazy\" decoding=\"async\" width=\"960\" height=\"1024\" data-id=\"103\" src=\"https:\/\/jadedemeyer.be\/wp-content\/uploads\/2024\/08\/archi-zoom-960x1024.jpg\" alt=\"\" class=\"wp-image-103\" srcset=\"https:\/\/jadedemeyer.be\/wp-content\/uploads\/2024\/08\/archi-zoom-960x1024.jpg 960w, https:\/\/jadedemeyer.be\/wp-content\/uploads\/2024\/08\/archi-zoom-281x300.jpg 281w, https:\/\/jadedemeyer.be\/wp-content\/uploads\/2024\/08\/archi-zoom-768x819.jpg 768w, https:\/\/jadedemeyer.be\/wp-content\/uploads\/2024\/08\/archi-zoom.jpg 1210w\" sizes=\"auto, (max-width: 960px) 100vw, 960px\" \/><\/figure>\n\n\n\n<figure class=\"wp-block-image size-large\"><img loading=\"lazy\" decoding=\"async\" width=\"899\" height=\"1024\" data-id=\"241\" src=\"https:\/\/jadedemeyer.be\/wp-content\/uploads\/2024\/08\/archi-zoom-2-1-899x1024.jpg\" alt=\"\" class=\"wp-image-241\" srcset=\"https:\/\/jadedemeyer.be\/wp-content\/uploads\/2024\/08\/archi-zoom-2-1-899x1024.jpg 899w, https:\/\/jadedemeyer.be\/wp-content\/uploads\/2024\/08\/archi-zoom-2-1-263x300.jpg 263w, https:\/\/jadedemeyer.be\/wp-content\/uploads\/2024\/08\/archi-zoom-2-1-768x875.jpg 768w, https:\/\/jadedemeyer.be\/wp-content\/uploads\/2024\/08\/archi-zoom-2-1.jpg 1163w\" sizes=\"auto, (max-width: 899px) 100vw, 899px\" \/><\/figure>\n\n\n\n<figure class=\"wp-block-image size-large\"><img loading=\"lazy\" decoding=\"async\" width=\"820\" height=\"1024\" data-id=\"586\" src=\"https:\/\/jadedemeyer.be\/wp-content\/uploads\/2025\/06\/IMG_0822-820x1024.jpg\" alt=\"\" class=\"wp-image-586\" srcset=\"https:\/\/jadedemeyer.be\/wp-content\/uploads\/2025\/06\/IMG_0822-820x1024.jpg 820w, https:\/\/jadedemeyer.be\/wp-content\/uploads\/2025\/06\/IMG_0822-240x300.jpg 240w, https:\/\/jadedemeyer.be\/wp-content\/uploads\/2025\/06\/IMG_0822-768x959.jpg 768w, https:\/\/jadedemeyer.be\/wp-content\/uploads\/2025\/06\/IMG_0822-1230x1536.jpg 1230w, https:\/\/jadedemeyer.be\/wp-content\/uploads\/2025\/06\/IMG_0822-1639x2048.jpg 1639w\" sizes=\"auto, (max-width: 820px) 100vw, 820px\" \/><\/figure>\n<\/figure>\n<\/div>\n\n\n\n<div class=\"wp-block-column is-layout-constrained wp-container-core-column-is-layout-d3543a3b wp-block-column-is-layout-constrained\" style=\"flex-basis:40%\">\n<div class=\"wp-block-columns is-layout-flex wp-container-core-columns-is-layout-28f84493 wp-block-columns-is-layout-flex\">\n<div class=\"wp-block-column is-layout-flow wp-container-core-column-is-layout-f5bb311e wp-block-column-is-layout-flow\">\n<p class=\"has-mobile-text-align-justify has-small-font-size\">Titre: \u201cArchitectes au Travail\u201d<\/p>\n\n\n\n<p class=\"has-mobile-text-align-justify has-small-font-size\">Technique : Stylo \u00e0 pointe fine sur papier avec touches d\u2019aquarelle<\/p>\n\n\n\n<p class=\"has-small-font-size\">Dimensions de l\u2019\u0153uvre non encadr\u00e9e : 80&#215;100 cm<\/p>\n\n\n\n<p class=\"has-small-font-size\">Ann\u00e9e : 2023<\/p>\n\n\n\n<p class=\"has-mobile-text-align-justify has-small-font-size\">\u0152uvre inspir\u00e9e du m\u00e9tier d\u2019architecte. Ce dessin ne repr\u00e9sente pas un lieu en particulier mais une exp\u00e9rience professionnelle concr\u00e8te du monde de l\u2019architecture. Il capture les gestes du quotidien: pr\u00e9paration des dossiers, conception esth\u00e9tique et technique des b\u00e2timents, relev\u00e9s contextuels, \u00e9changes avec les clients, visites de chantier, et interactions avec tous les acteurs du secteur de la construction. C\u2019est une invitation \u00e0 d\u00e9couvrir le travail de l\u2019architecte au XXIe si\u00e8cle, mettant en lumi\u00e8re \u00e0 la fois la beaut\u00e9 et les d\u00e9fis de cette profession. Une d\u00e9dicace \u00e0 tous mes anciens coll\u00e8gues et amis architectes qui \u0153uvrent \u00e0 cr\u00e9er ces espaces de r\u00eave.<\/p>\n<\/div>\n<\/div>\n<\/div>\n<\/div>\n","protected":false},"excerpt":{"rendered":"<p>Titre: \u201cArchitectes au Travail\u201d Technique : Stylo \u00e0 pointe fine sur papier avec touches d\u2019aquarelle Dimensions de l\u2019\u0153uvre non encadr\u00e9e : 80&#215;100 cm Ann\u00e9e : 2023 \u0152uvre inspir\u00e9e du m\u00e9tier d\u2019architecte. Ce dessin ne repr\u00e9sente pas un lieu en particulier mais une exp\u00e9rience professionnelle concr\u00e8te du monde de l\u2019architecture. Il capture les gestes du quotidien: [&hellip;]<\/p>\n","protected":false},"author":1,"featured_media":0,"parent":0,"menu_order":0,"comment_status":"closed","ping_status":"closed","template":"","meta":{"_locale":"fr_BE","_original_post":"https:\/\/jadedemeyer.be\/?page_id=31","footnotes":""},"class_list":["post-614","page","type-page","status-publish","hentry","fr-BE"],"jetpack_sharing_enabled":true,"_links":{"self":[{"href":"https:\/\/jadedemeyer.be\/wp-json\/wp\/v2\/pages\/614","targetHints":{"allow":["GET"]}}],"collection":[{"href":"https:\/\/jadedemeyer.be\/wp-json\/wp\/v2\/pages"}],"about":[{"href":"https:\/\/jadedemeyer.be\/wp-json\/wp\/v2\/types\/page"}],"author":[{"embeddable":true,"href":"https:\/\/jadedemeyer.be\/wp-json\/wp\/v2\/users\/1"}],"replies":[{"embeddable":true,"href":"https:\/\/jadedemeyer.be\/wp-json\/wp\/v2\/comments?post=614"}],"version-history":[{"count":5,"href":"https:\/\/jadedemeyer.be\/wp-json\/wp\/v2\/pages\/614\/revisions"}],"predecessor-version":[{"id":772,"href":"https:\/\/jadedemeyer.be\/wp-json\/wp\/v2\/pages\/614\/revisions\/772"}],"wp:attachment":[{"href":"https:\/\/jadedemeyer.be\/wp-json\/wp\/v2\/media?parent=614"}],"curies":[{"name":"wp","href":"https:\/\/api.w.org\/{rel}","templated":true}]}}