{"id":611,"date":"2025-07-16T15:04:09","date_gmt":"2025-07-16T13:04:09","guid":{"rendered":"https:\/\/jadedemeyer.be\/?page_id=611"},"modified":"2025-07-24T16:14:08","modified_gmt":"2025-07-24T14:14:08","slug":"amsterdam","status":"publish","type":"page","link":"https:\/\/jadedemeyer.be\/fr\/amsterdam\/","title":{"rendered":"Amsterdam: Le paradox Vert"},"content":{"rendered":"\n<div class=\"wp-block-columns is-layout-flex wp-container-core-columns-is-layout-a410b36c wp-block-columns-is-layout-flex\" style=\"margin-top:var(--wp--preset--spacing--60);margin-bottom:var(--wp--preset--spacing--60);padding-top:0;padding-right:var(--wp--preset--spacing--30);padding-bottom:0;padding-left:var(--wp--preset--spacing--30)\">\n<div class=\"wp-block-column is-layout-constrained wp-block-column-is-layout-constrained\" style=\"flex-basis:60%\">\n<figure class=\"wp-block-gallery has-nested-images columns-1 is-cropped wp-block-gallery-1 is-layout-flex wp-block-gallery-is-layout-flex\">\n<figure class=\"wp-block-image size-full\"><img loading=\"lazy\" decoding=\"async\" width=\"418\" height=\"592\" data-id=\"531\" src=\"https:\/\/jadedemeyer.be\/wp-content\/uploads\/2025\/06\/amsterdam-scan-final-corrige.jpg\" alt=\"\" class=\"wp-image-531\" srcset=\"https:\/\/jadedemeyer.be\/wp-content\/uploads\/2025\/06\/amsterdam-scan-final-corrige.jpg 418w, https:\/\/jadedemeyer.be\/wp-content\/uploads\/2025\/06\/amsterdam-scan-final-corrige-212x300.jpg 212w\" sizes=\"auto, (max-width: 418px) 100vw, 418px\" \/><\/figure>\n\n\n\n<figure class=\"wp-block-image size-full\"><img loading=\"lazy\" decoding=\"async\" width=\"451\" height=\"664\" data-id=\"363\" src=\"https:\/\/jadedemeyer.be\/wp-content\/uploads\/2024\/08\/amsterdam-zoom-1-corrige.jpg\" alt=\"\" class=\"wp-image-363\" srcset=\"https:\/\/jadedemeyer.be\/wp-content\/uploads\/2024\/08\/amsterdam-zoom-1-corrige.jpg 451w, https:\/\/jadedemeyer.be\/wp-content\/uploads\/2024\/08\/amsterdam-zoom-1-corrige-204x300.jpg 204w\" sizes=\"auto, (max-width: 451px) 100vw, 451px\" \/><\/figure>\n\n\n\n<figure class=\"wp-block-image size-large\"><img loading=\"lazy\" decoding=\"async\" width=\"820\" height=\"1024\" data-id=\"254\" src=\"https:\/\/jadedemeyer.be\/wp-content\/uploads\/2024\/08\/amsterdam-environment-820x1024.jpg\" alt=\"\" class=\"wp-image-254\" srcset=\"https:\/\/jadedemeyer.be\/wp-content\/uploads\/2024\/08\/amsterdam-environment-820x1024.jpg 820w, https:\/\/jadedemeyer.be\/wp-content\/uploads\/2024\/08\/amsterdam-environment-240x300.jpg 240w, https:\/\/jadedemeyer.be\/wp-content\/uploads\/2024\/08\/amsterdam-environment-768x959.jpg 768w, https:\/\/jadedemeyer.be\/wp-content\/uploads\/2024\/08\/amsterdam-environment-1230x1536.jpg 1230w, https:\/\/jadedemeyer.be\/wp-content\/uploads\/2024\/08\/amsterdam-environment-1639x2048.jpg 1639w\" sizes=\"auto, (max-width: 820px) 100vw, 820px\" \/><\/figure>\n<\/figure>\n<\/div>\n\n\n\n<div class=\"wp-block-column is-layout-constrained wp-container-core-column-is-layout-d3543a3b wp-block-column-is-layout-constrained\" style=\"flex-basis:40%\">\n<div class=\"wp-block-columns is-layout-flex wp-container-core-columns-is-layout-28f84493 wp-block-columns-is-layout-flex\">\n<div class=\"wp-block-column is-layout-flow wp-container-core-column-is-layout-f5bb311e wp-block-column-is-layout-flow\">\n<p class=\"has-mobile-text-align-justify has-small-font-size\">Titre: \u201cAmsterdam: Le Paradoxe Vert\u00a0\u00bb<\/p>\n\n\n\n<p class=\"has-mobile-text-align-justify has-small-font-size\">Technique : Stylo \u00e0 pointe fine sur papier avec touches d\u2019aquarelle<\/p>\n\n\n\n<p class=\"has-small-font-size\">Dimensions de l\u2019\u0153uvre non encadr\u00e9e : 30&#215;40 cm<\/p>\n\n\n\n<p class=\"has-small-font-size\">Ann\u00e9e : 2023<\/p>\n\n\n\n<p class=\"has-mobile-text-align-justify has-small-font-size\">\u0152uvre inspir\u00e9e d\u2019un passage \u00e0 Amsterdam, capitale des Pays-Bas. Dans la composition, des cr\u00e9atures se cachent au milieu d\u2019un dense m\u00e9lange de plantes bien connues et associ\u00e9es au pays en raison de leur l\u00e9galisation. Le dessin interroge le fonctionnement d\u2019un monde o\u00f9 cette herbe est encore ill\u00e9gale ainsi que les cons\u00e9quences des cartels de drogue qui en r\u00e9sultent, face \u00e0 une soci\u00e9t\u00e9 o\u00f9 cette substance ne serait plus soumise \u00e0 des restrictions.<\/p>\n<\/div>\n<\/div>\n<\/div>\n<\/div>\n","protected":false},"excerpt":{"rendered":"<p>Titre: \u201cAmsterdam: Le Paradoxe Vert\u00a0\u00bb Technique : Stylo \u00e0 pointe fine sur papier avec touches d\u2019aquarelle Dimensions de l\u2019\u0153uvre non encadr\u00e9e : 30&#215;40 cm Ann\u00e9e : 2023 \u0152uvre inspir\u00e9e d\u2019un passage \u00e0 Amsterdam, capitale des Pays-Bas. Dans la composition, des cr\u00e9atures se cachent au milieu d\u2019un dense m\u00e9lange de plantes bien connues et associ\u00e9es au [&hellip;]<\/p>\n","protected":false},"author":1,"featured_media":0,"parent":0,"menu_order":0,"comment_status":"closed","ping_status":"closed","template":"","meta":{"_locale":"fr_BE","_original_post":"https:\/\/jadedemeyer.be\/?page_id=196","footnotes":""},"class_list":["post-611","page","type-page","status-publish","hentry","fr-BE"],"jetpack_sharing_enabled":true,"_links":{"self":[{"href":"https:\/\/jadedemeyer.be\/wp-json\/wp\/v2\/pages\/611","targetHints":{"allow":["GET"]}}],"collection":[{"href":"https:\/\/jadedemeyer.be\/wp-json\/wp\/v2\/pages"}],"about":[{"href":"https:\/\/jadedemeyer.be\/wp-json\/wp\/v2\/types\/page"}],"author":[{"embeddable":true,"href":"https:\/\/jadedemeyer.be\/wp-json\/wp\/v2\/users\/1"}],"replies":[{"embeddable":true,"href":"https:\/\/jadedemeyer.be\/wp-json\/wp\/v2\/comments?post=611"}],"version-history":[{"count":1,"href":"https:\/\/jadedemeyer.be\/wp-json\/wp\/v2\/pages\/611\/revisions"}],"predecessor-version":[{"id":613,"href":"https:\/\/jadedemeyer.be\/wp-json\/wp\/v2\/pages\/611\/revisions\/613"}],"wp:attachment":[{"href":"https:\/\/jadedemeyer.be\/wp-json\/wp\/v2\/media?parent=611"}],"curies":[{"name":"wp","href":"https:\/\/api.w.org\/{rel}","templated":true}]}}