{"id":609,"date":"2025-07-16T14:53:59","date_gmt":"2025-07-16T12:53:59","guid":{"rendered":"https:\/\/jadedemeyer.be\/?page_id=609"},"modified":"2025-07-24T16:13:34","modified_gmt":"2025-07-24T14:13:34","slug":"cauchie","status":"publish","type":"page","link":"https:\/\/jadedemeyer.be\/fr\/cauchie\/","title":{"rendered":"Bruxelles: Odette, Huguette et Cauchie"},"content":{"rendered":"\n<div class=\"wp-block-columns is-layout-flex wp-container-core-columns-is-layout-a410b36c wp-block-columns-is-layout-flex\" style=\"margin-top:var(--wp--preset--spacing--60);margin-bottom:var(--wp--preset--spacing--60);padding-top:0;padding-right:var(--wp--preset--spacing--30);padding-bottom:0;padding-left:var(--wp--preset--spacing--30)\">\n<div class=\"wp-block-column is-layout-constrained wp-block-column-is-layout-constrained\" style=\"flex-basis:60%\">\n<figure class=\"wp-block-gallery has-nested-images columns-1 is-cropped wp-block-gallery-1 is-layout-flex wp-block-gallery-is-layout-flex\">\n<figure class=\"wp-block-image size-full\"><img loading=\"lazy\" decoding=\"async\" width=\"418\" height=\"593\" data-id=\"534\" src=\"https:\/\/jadedemeyer.be\/wp-content\/uploads\/2024\/08\/bruxelles-cauchie-final-corr.jpg\" alt=\"\" class=\"wp-image-534\" srcset=\"https:\/\/jadedemeyer.be\/wp-content\/uploads\/2024\/08\/bruxelles-cauchie-final-corr.jpg 418w, https:\/\/jadedemeyer.be\/wp-content\/uploads\/2024\/08\/bruxelles-cauchie-final-corr-211x300.jpg 211w\" sizes=\"auto, (max-width: 418px) 100vw, 418px\" \/><\/figure>\n\n\n\n<figure class=\"wp-block-image size-full\"><img loading=\"lazy\" decoding=\"async\" width=\"401\" height=\"553\" data-id=\"358\" src=\"https:\/\/jadedemeyer.be\/wp-content\/uploads\/2024\/08\/bxl-cauchie-zoom1-corrige.jpg\" alt=\"\" class=\"wp-image-358\" srcset=\"https:\/\/jadedemeyer.be\/wp-content\/uploads\/2024\/08\/bxl-cauchie-zoom1-corrige.jpg 401w, https:\/\/jadedemeyer.be\/wp-content\/uploads\/2024\/08\/bxl-cauchie-zoom1-corrige-218x300.jpg 218w\" sizes=\"auto, (max-width: 401px) 100vw, 401px\" \/><\/figure>\n\n\n\n<figure class=\"wp-block-image size-large\"><img loading=\"lazy\" decoding=\"async\" width=\"820\" height=\"1024\" data-id=\"250\" src=\"https:\/\/jadedemeyer.be\/wp-content\/uploads\/2024\/08\/bxl-cauchie-environment-820x1024.jpg\" alt=\"\" class=\"wp-image-250\" srcset=\"https:\/\/jadedemeyer.be\/wp-content\/uploads\/2024\/08\/bxl-cauchie-environment-820x1024.jpg 820w, https:\/\/jadedemeyer.be\/wp-content\/uploads\/2024\/08\/bxl-cauchie-environment-240x300.jpg 240w, https:\/\/jadedemeyer.be\/wp-content\/uploads\/2024\/08\/bxl-cauchie-environment-768x959.jpg 768w, https:\/\/jadedemeyer.be\/wp-content\/uploads\/2024\/08\/bxl-cauchie-environment-1230x1536.jpg 1230w, https:\/\/jadedemeyer.be\/wp-content\/uploads\/2024\/08\/bxl-cauchie-environment-1639x2048.jpg 1639w\" sizes=\"auto, (max-width: 820px) 100vw, 820px\" \/><\/figure>\n<\/figure>\n<\/div>\n\n\n\n<div class=\"wp-block-column is-layout-constrained wp-container-core-column-is-layout-d3543a3b wp-block-column-is-layout-constrained\" style=\"flex-basis:40%\">\n<div class=\"wp-block-columns is-layout-flex wp-container-core-columns-is-layout-28f84493 wp-block-columns-is-layout-flex\">\n<div class=\"wp-block-column is-layout-flow wp-container-core-column-is-layout-f5bb311e wp-block-column-is-layout-flow\">\n<p class=\"has-mobile-text-align-justify has-small-font-size\">Titre: \u201cBruxelles: Odette, Huguette et Cauchie\u00a0\u00bb<\/p>\n\n\n\n<p class=\"has-mobile-text-align-justify has-small-font-size\">Technique : Stylo \u00e0 pointe fine sur papier  avec touches d\u2019aquarelle<\/p>\n\n\n\n<p class=\"has-small-font-size\">Dimensions de l\u2019\u0153uvre non encadr\u00e9e : 30&#215;40 cm<\/p>\n\n\n\n<p class=\"has-small-font-size\">Ann\u00e9e : 2020<\/p>\n\n\n\n<p class=\"has-mobile-text-align-justify has-small-font-size\">Une \u0153uvre au ton humoristique de par les pr\u00e9noms typiques d\u2019une autre \u00e9poque, \u00ab\u00a0Odette\u00a0\u00bb et \u00ab\u00a0Huguette\u00a0\u00bb , donn\u00e9s aux deux personnages en train de prendre un verre devant une fa\u00e7ade historique de Bruxelles : la Maison Cauchie. Un rappel aux Bruxellois de ne jamais oublier de pr\u00eater attention au patrimoine pr\u00e9sent dans notre quotidien.<\/p>\n<\/div>\n<\/div>\n<\/div>\n<\/div>\n","protected":false},"excerpt":{"rendered":"<p>Titre: \u201cBruxelles: Odette, Huguette et Cauchie\u00a0\u00bb Technique : Stylo \u00e0 pointe fine sur papier avec touches d\u2019aquarelle Dimensions de l\u2019\u0153uvre non encadr\u00e9e : 30&#215;40 cm Ann\u00e9e : 2020 Une \u0153uvre au ton humoristique de par les pr\u00e9noms typiques d\u2019une autre \u00e9poque, \u00ab\u00a0Odette\u00a0\u00bb et \u00ab\u00a0Huguette\u00a0\u00bb , donn\u00e9s aux deux personnages en train de prendre un verre [&hellip;]<\/p>\n","protected":false},"author":1,"featured_media":0,"parent":0,"menu_order":0,"comment_status":"closed","ping_status":"closed","template":"","meta":{"_locale":"fr_BE","_original_post":"https:\/\/jadedemeyer.be\/?page_id=202","footnotes":""},"class_list":["post-609","page","type-page","status-publish","hentry","fr-BE"],"jetpack_sharing_enabled":true,"_links":{"self":[{"href":"https:\/\/jadedemeyer.be\/wp-json\/wp\/v2\/pages\/609","targetHints":{"allow":["GET"]}}],"collection":[{"href":"https:\/\/jadedemeyer.be\/wp-json\/wp\/v2\/pages"}],"about":[{"href":"https:\/\/jadedemeyer.be\/wp-json\/wp\/v2\/types\/page"}],"author":[{"embeddable":true,"href":"https:\/\/jadedemeyer.be\/wp-json\/wp\/v2\/users\/1"}],"replies":[{"embeddable":true,"href":"https:\/\/jadedemeyer.be\/wp-json\/wp\/v2\/comments?post=609"}],"version-history":[{"count":2,"href":"https:\/\/jadedemeyer.be\/wp-json\/wp\/v2\/pages\/609\/revisions"}],"predecessor-version":[{"id":718,"href":"https:\/\/jadedemeyer.be\/wp-json\/wp\/v2\/pages\/609\/revisions\/718"}],"wp:attachment":[{"href":"https:\/\/jadedemeyer.be\/wp-json\/wp\/v2\/media?parent=609"}],"curies":[{"name":"wp","href":"https:\/\/api.w.org\/{rel}","templated":true}]}}